{"id":936,"date":"2018-06-15T07:20:30","date_gmt":"2018-06-15T10:20:30","guid":{"rendered":"https:\/\/werner.med.br\/w143\/?page_id=936"},"modified":"2026-01-29T12:06:56","modified_gmt":"2026-01-29T15:06:56","slug":"passenger","status":"publish","type":"page","link":"https:\/\/www.w-143.com\/index.php\/passenger\/","title":{"rendered":"PASSENGER CARS"},"content":{"rendered":"\n<h2 class=\"wp-block-heading\" id=\"alfa-romeo\"><em>Alfa Romeo<\/em><\/h2>\n\n\n\n<p>&nbsp;&nbsp;&nbsp;&nbsp;&nbsp;&nbsp;&nbsp; <strong><a href=\"https:\/\/www.w-143.com\/index.php\/alfa-romeo-8c-competizione-concept-2003-spark\/\">2003 8C Competizione (Concept) 2003 &#8211; Spark<\/a><\/strong><\/p>\n\n\n\n<h2 class=\"wp-block-heading\" id=\"audi\"><em>Audi<\/em><\/h2>\n\n\n\n<p>&nbsp;&nbsp;&nbsp;&nbsp;&nbsp;&nbsp;&nbsp; <strong><a href=\"https:\/\/www.w-143.com\/index.php\/audi-tt-rs-2009-schuco\/\">2009 TT RS &#8211; Schuco<\/a><\/strong><\/p>\n\n\n\n<p>&nbsp;&nbsp;&nbsp;&nbsp;&nbsp;&nbsp;&nbsp; <strong><a href=\"https:\/\/www.w-143.com\/index.php\/audi-r8-gt-2010-schuco\/\">2010 R8 GT &#8211; Schuco<\/a><\/strong><\/p>\n\n\n\n<p>&nbsp;&nbsp;&nbsp;&nbsp;&nbsp;&nbsp;&nbsp; <strong><a href=\"https:\/\/www.w-143.com\/index.php\/audi-r8-v10-plus-2015-herpa\/\">2015 R8 V10 Plus &#8211; Herpa<\/a><\/strong><\/p>\n\n\n\n<h2 class=\"wp-block-heading\" id=\"bentley\"><em>Bentley<\/em><\/h2>\n\n\n\n<p>&nbsp;&nbsp;&nbsp;&nbsp;&nbsp;&nbsp;&nbsp; <strong><a href=\"https:\/\/www.w-143.com\/index.php\/bentley-speed-six-blue-train-special-minichamps\/\">1930 Speed Six &#8220;Blue Train Special&#8221; &#8211; Minichamps<\/a><\/strong><\/p>\n\n\n\n<h2 class=\"wp-block-heading\" id=\"bmw\"><em>BMW<\/em><\/h2>\n\n\n\n<p>&nbsp;&nbsp;&nbsp;&nbsp;&nbsp;&nbsp;&nbsp; <strong><a href=\"https:\/\/www.w-143.com\/index.php\/bmw-2002-turbo-spark\/\">1973 2002 Turbo &#8211; Spark<\/a><\/strong><\/p>\n\n\n\n<p>&nbsp;&nbsp;&nbsp;&nbsp;&nbsp;&nbsp;&nbsp; <strong><a href=\"https:\/\/www.w-143.com\/index.php\/bmw-3-0-csl-batmobile-1973-schuco\/\">1973 3.0 CSL \u201cBatmobile\u201d &#8211; Schuco<\/a><\/strong><\/p>\n\n\n\n<p>&nbsp;&nbsp;&nbsp;&nbsp;&nbsp;&nbsp;&nbsp; <strong><a href=\"https:\/\/www.w-143.com\/index.php\/bmw-m3-e46-gtr-kyosho\/\">2001 M3 (E46) GTR &#8211; Kyosho<\/a><\/strong><\/p>\n\n\n\n<h2 class=\"wp-block-heading\" id=\"bugatti\"><em>Bugatti<\/em><\/h2>\n\n\n\n<p>&nbsp;&nbsp;&nbsp;&nbsp;&nbsp;&nbsp;&nbsp; <strong><a href=\"https:\/\/www.w-143.com\/index.php\/bugatti-eb-16-4-veyron-2003-autoart\/\">2003 EB 16.4 Veyron &#8211; AUTOart<\/a><\/strong><\/p>\n\n\n\n<p>&nbsp;&nbsp;&nbsp;&nbsp;&nbsp;&nbsp;&nbsp; <strong><a href=\"https:\/\/www.w-143.com\/index.php\/bugatti-chiron-2016-leo-models\/\">2016 Chiron &#8211; Leo Models<\/a><\/strong><\/p>\n\n\n\n<p>&nbsp;&nbsp;&nbsp;&nbsp;&nbsp;&nbsp;&nbsp; <strong><a href=\"https:\/\/www.w-143.com\/index.php\/bugatti-chiron-pur-sport-tsm\/\">2021 Chiron Pur Sport- TSM<\/a><\/strong><\/p>\n\n\n\n<h2 class=\"wp-block-heading\" id=\"chevrolet\"><em>Chevrolet<\/em><\/h2>\n\n\n\n<p>&nbsp;&nbsp;&nbsp;&nbsp;&nbsp;&nbsp;&nbsp; <strong><a href=\"https:\/\/www.w-143.com\/index.php\/chevrolet-corvette-stingray\/\">1959 Corvette Stingray &#8211; AUTOart<\/a><\/strong><\/p>\n\n\n\n<p>&nbsp;&nbsp;&nbsp;&nbsp;&nbsp;&nbsp;&nbsp; <strong><a href=\"https:\/\/www.w-143.com\/index.php\/chevrolet-corvette-sting-ray-coupe-1963-spark\/\">1963 Corvette Sting Ray Coupe &#8211; Spark<\/a><\/strong><\/p>\n\n\n\n<p>\u00a0\u00a0\u00a0\u00a0\u00a0\u00a0\u00a0 <strong><a href=\"https:\/\/www.w-143.com\/index.php\/chevrolet-camaro-z-28-spark\/\">1970 Camaro Z\/28 &#8211; Spark<\/a><\/strong><\/p>\n\n\n\n<h2 class=\"wp-block-heading\" id=\"delage\"><em>Delage<\/em><\/h2>\n\n\n\n<p>&nbsp;&nbsp;&nbsp;&nbsp;&nbsp;&nbsp;&nbsp; <strong><a href=\"https:\/\/www.w-143.com\/index.php\/delage-v12-labourdette-aerodynamique-spark\/\">1937 V12 Labourdette Aerodynamique &#8211; Spark<\/a><\/strong><\/p>\n\n\n\n<h2 class=\"wp-block-heading\" id=\"ferrari\"><em>Ferrari<\/em><\/h2>\n\n\n\n<p>&nbsp;&nbsp;&nbsp;&nbsp;&nbsp;&nbsp;&nbsp; <strong><a href=\"https:\/\/www.w-143.com\/index.php\/ferrari-f40-competizione-1989-hot-wheels\/\">1989 F40 Competizione &#8211; Hot Wheels<\/a><\/strong><\/p>\n\n\n\n<p>&nbsp;&nbsp;&nbsp;&nbsp;&nbsp;&nbsp;&nbsp; <strong><a href=\"https:\/\/www.w-143.com\/index.php\/ferrari-fxx-hot-wheels\/\">2005 FXX &#8211; Hot Wheels<\/a> <\/strong><\/p>\n\n\n\n<p>&nbsp;&nbsp;&nbsp;&nbsp;&nbsp;&nbsp;&nbsp; <strong><a href=\"https:\/\/www.w-143.com\/index.php\/ferrari-fxx-evoluzione-2008-hot-wheels\/\">2008 FXX Evoluzione &#8211; Hot Wheels<\/a> <\/strong><\/p>\n\n\n\n<h2 class=\"wp-block-heading\" id=\"ford\">&nbsp;<em>Ford<\/em><\/h2>\n\n\n\n<p>&nbsp;&nbsp;&nbsp;&nbsp;&nbsp;&nbsp;&nbsp; <strong><a href=\"https:\/\/www.w-143.com\/index.php\/ford-model-40-special-speedster-minichamps\/\">1934 Model 40 Special Speedster &#8211; Minichamps<\/a><\/strong><\/p>\n\n\n\n<p>&nbsp;&nbsp;&nbsp;&nbsp;&nbsp;&nbsp;&nbsp; <strong><a href=\"https:\/\/www.w-143.com\/index.php\/ford-gt-2015-tsm\/\">2015 Ford GT &#8211; TSM<\/a><\/strong><\/p>\n\n\n\n<h2 class=\"wp-block-heading\" id=\"honda\">&nbsp;<em>Honda<\/em><\/h2>\n\n\n\n<p>&nbsp;&nbsp;&nbsp;&nbsp;&nbsp;&nbsp;&nbsp; <strong><a href=\"https:\/\/www.w-143.com\/index.php\/honda-civic-touring-pw\/\">2019 Civic Touring &#8211; pw<\/a><\/strong><\/p>\n\n\n\n<h2 class=\"wp-block-heading\" id=\"honda\">&nbsp;<em>Jaguar<\/em><\/h2>\n\n\n\n<p>&nbsp;&nbsp;&nbsp;&nbsp;&nbsp;&nbsp;&nbsp; <strong><a href=\"https:\/\/www.w-143.com\/index.php\/jaguar-xj13-autoart\/\">1966 XJ13 &#8211; AUTOart<\/a><\/strong><\/p>\n\n\n\n<h2 class=\"wp-block-heading\" id=\"koenigsegg\">&nbsp; <em>Koenigsegg<\/em><\/h2>\n\n\n\n<p>&nbsp;&nbsp;&nbsp;&nbsp;&nbsp;&nbsp;&nbsp; <strong><a href=\"https:\/\/www.w-143.com\/index.php\/koenigsegg-cc8s-2002-ixo\/\">2002 CC8S &#8211; Ixo<\/a><\/strong><\/p>\n\n\n\n<p>&nbsp;&nbsp;&nbsp;&nbsp;&nbsp;&nbsp;&nbsp; <strong><a href=\"https:\/\/www.w-143.com\/index.php\/koenigsegg-ccx-2006-autoart\/\">2006 CCX &#8211; AUTOart<\/a><\/strong><\/p>\n\n\n\n<p>&nbsp;&nbsp;&nbsp;&nbsp;&nbsp;&nbsp;&nbsp; <strong><a href=\"https:\/\/www.w-143.com\/index.php\/koenigsegg-regera-2016-sophiart\/\">2016 Regera &#8211; SophiArt<\/a><\/strong><\/p>\n\n\n\n<h2 class=\"wp-block-heading\" id=\"lamborghini\"><em>Lamborghini<\/em><\/h2>\n\n\n\n<p>&nbsp;&nbsp;&nbsp;&nbsp;&nbsp;&nbsp;&nbsp; <strong><a href=\"https:\/\/www.w-143.com\/index.php\/lamborghini-miura-p400s-1971-triple-9\/\">1971 Miura P400S &#8211; Triple 9<\/a><\/strong><\/p>\n\n\n\n<p>&nbsp;&nbsp;&nbsp;&nbsp;&nbsp;&nbsp;&nbsp; <strong><a href=\"https:\/\/www.w-143.com\/index.php\/lamborghini-murcielago-concept-car-scale143-autoart\/\">2003 Murci\u00e9lago Concept Car &#8220;Scale143&#8221; &#8211; AUTOart<\/a><\/strong><\/p>\n\n\n\n<p>&nbsp;&nbsp;&nbsp;&nbsp;&nbsp;&nbsp;&nbsp; <strong><a href=\"https:\/\/www.w-143.com\/index.php\/lamborghini-murcielago-lp670-4-superveloce-2009-minichamps\/\">2009 Murci\u00e9lago LP670-4 SuperVeloce &#8211; Minichamps<\/a><\/strong><\/p>\n\n\n\n<p>&nbsp;&nbsp;&nbsp;&nbsp;&nbsp;&nbsp;&nbsp; <strong><a href=\"https:\/\/www.w-143.com\/index.php\/lamborghini-gallardo-lp-570-4-superleggera-2010-autoart\/\">2010 Gallardo LP 570-4 Superleggera &#8211; AUTOart<\/a><\/strong><\/p>\n\n\n\n<p>&nbsp;&nbsp;&nbsp;&nbsp;&nbsp;&nbsp;&nbsp; <strong><a href=\"https:\/\/www.w-143.com\/index.php\/lamborghini-sesto-elemento-autoart\/\">2010 Sesto Elemento &#8211; AUTOart<\/a><\/strong><\/p>\n\n\n\n<p>&nbsp;&nbsp;&nbsp;&nbsp;&nbsp;&nbsp;&nbsp; <strong><a href=\"https:\/\/www.w-143.com\/index.php\/lamborghini-veneno-2013-kyosho\/\">2013 Veneno &#8211; Kyosho<\/a><\/strong><\/p>\n\n\n\n<p>&nbsp;&nbsp;&nbsp;&nbsp;&nbsp;&nbsp;&nbsp; <strong><a href=\"https:\/\/www.w-143.com\/index.php\/lamborghini-huracan-lp610-4-autoart\/\">2014 Hurac\u00e1n &#8211; AUTOart<\/a><\/strong><\/p>\n\n\n\n<h2 class=\"wp-block-heading\" id=\"mclaren\"><em>Lancia<\/em><\/h2>\n\n\n\n<p>&nbsp;&nbsp;&nbsp;&nbsp;&nbsp;&nbsp;&nbsp; <strong><a href=\"https:\/\/www.w-143.com\/index.php\/lancia-delta-integrale-hf-evo-spark\/\">1992 Delta Integrale HF Evoluzione &#8211; Spark<\/a><\/strong><\/p>\n\n\n\n<h2 class=\"wp-block-heading\" id=\"mclaren\"><em>McLaren<\/em><\/h2>\n\n\n\n<p>&nbsp;&nbsp;&nbsp;&nbsp;&nbsp;&nbsp;&nbsp; <strong><a href=\"https:\/\/www.w-143.com\/index.php\/1993-mclaren-f1-minichamps\/\">1993 F1 &#8211; Minichamps<\/a><\/strong><\/p>\n\n\n\n<p>&nbsp;&nbsp;&nbsp;&nbsp;&nbsp;&nbsp;&nbsp; <strong><a href=\"https:\/\/www.w-143.com\/index.php\/mclaren-senna-tsm\/\">2018 Senna &#8211; TSM<\/a><\/strong><\/p>\n\n\n\n<h2 class=\"wp-block-heading\" id=\"mercedes-benz\"><em>Mercedes-Benz<\/em><\/h2>\n\n\n\n<p>&nbsp;&nbsp;&nbsp;&nbsp;&nbsp;&nbsp;&nbsp; <strong><a href=\"https:\/\/www.w-143.com\/index.php\/mercedes-benz-300-slr-uhlenhaut-coupe-minichamps\/\">1955 300 SLR &#8220;Uhlenhaut Coupe&#8221; &#8211; Minichamps<\/a><\/strong><\/p>\n\n\n\n<p>&nbsp;&nbsp;&nbsp;&nbsp;&nbsp;&nbsp;&nbsp; <strong><a href=\"https:\/\/www.w-143.com\/index.php\/mercedes-benz-300-sl-coupe-gull-wing-1956-spark\/\">1956 300 SL Coupe \u201cGull Wing\u201d &#8211; Spark<\/a><\/strong><\/p>\n\n\n\n<p>&nbsp;&nbsp;&nbsp;&nbsp;&nbsp;&nbsp;&nbsp; <strong><a href=\"https:\/\/www.w-143.com\/index.php\/mercedes-benz-slr-mclaren-2004-minichamps\/\">2004 SLR McLaren &#8211; Minichamps<\/a><\/strong><\/p>\n\n\n\n<p>&nbsp;&nbsp;&nbsp;&nbsp;&nbsp;&nbsp;&nbsp; <strong><a href=\"https:\/\/www.w-143.com\/index.php\/mercedes-benz-sl65-amg-black-series-minichamps\/\">2009 SL65 AMG Black Series &#8211; Minichamps<\/a><\/strong><\/p>\n\n\n\n<p>&nbsp;&nbsp;&nbsp;&nbsp;&nbsp;&nbsp;&nbsp; <strong><a href=\"https:\/\/www.w-143.com\/index.php\/mercedes-benz-sls-amg-black-edition-2013-minichamps\/\">2013 SLS AMG \u201cBlack Edition\u201d &#8211; Minichamps<\/a><\/strong><\/p>\n\n\n\n<h2 class=\"wp-block-heading\" id=\"nissan\"><em>Nissan<\/em><\/h2>\n\n\n\n<p>&nbsp;&nbsp;&nbsp;&nbsp;&nbsp;&nbsp;&nbsp; <strong><a href=\"https:\/\/www.w-143.com\/index.php\/nissan-skyline-gt-r-r32-1987-kyosho\/\">1989 Skyline GT-R (R32) &#8211; Kyosho<\/a><\/strong><\/p>\n\n\n\n<p>&nbsp;&nbsp;&nbsp;&nbsp;&nbsp;&nbsp;&nbsp; <strong><a href=\"https:\/\/www.w-143.com\/index.php\/nissan-skyline-gtr-r34-v-spec-ii-2000-autoar\/\">2000 Skyline GTR (R34) V-Spec II &#8211; AUTOart<\/a><\/strong><\/p>\n\n\n\n<p>&nbsp;&nbsp;&nbsp;&nbsp;&nbsp;&nbsp;&nbsp; <strong><a href=\"https:\/\/www.w-143.com\/index.php\/nissan-gt-r-black-edition-2014-premiumx\/\">2014 GT-R \u201cBlack Edition\u201d &#8211; Premium X<\/a><\/strong><\/p>\n\n\n\n<h2 class=\"wp-block-heading\" id=\"pagani\"><em>Pagani<\/em><\/h2>\n\n\n\n<p>&nbsp;&nbsp;&nbsp;&nbsp;&nbsp;&nbsp;&nbsp; <strong><a href=\"https:\/\/www.w-143.com\/index.php\/pagani-huayra-autoart\/\">2011 Huayra &#8211; AUTOart<\/a><\/strong><\/p>\n\n\n\n<p>&nbsp;&nbsp;&nbsp;&nbsp;&nbsp;&nbsp;&nbsp; <strong><a href=\"https:\/\/www.w-143.com\/index.php\/pagani-zonda-r-evolution-spark\/\">2012 Zonda R Evolution &#8211; Spark<\/a><\/strong><\/p>\n\n\n\n<p>&nbsp;&nbsp;&nbsp;&nbsp;&nbsp;&nbsp;&nbsp; <strong><a href=\"https:\/\/www.w-143.com\/index.php\/2014-pagani-zonda-revolucion-spark\/\">2014 Zonda Revoluci\u00f3n &#8211; Spark<\/a><\/strong><\/p>\n\n\n\n<h2 class=\"wp-block-heading\" id=\"porsche\"><em>Porsche<\/em><\/h2>\n\n\n\n<p>&nbsp;&nbsp;&nbsp;&nbsp;&nbsp;&nbsp;&nbsp; <strong><a href=\"https:\/\/www.w-143.com\/index.php\/porsche-356-coupe-pre-a-spark\/\">1951 356 Coupe (Pre-A) &#8211; Spark<\/a><\/strong><\/p>\n\n\n\n<p>&nbsp;&nbsp;&nbsp;&nbsp;&nbsp;&nbsp;&nbsp; <strong><a href=\"https:\/\/www.w-143.com\/index.php\/porsche-911-901-1964-pw\/\">1964 911 (901) &#8211; pw<\/a><\/strong><\/p>\n\n\n\n<p>&nbsp;&nbsp;&nbsp;&nbsp;&nbsp;&nbsp;&nbsp; <strong><a href=\"https:\/\/www.w-143.com\/index.php\/porsche-911-r-1967-spark\/\">1967 911 R &#8211; Spark<\/a><\/strong><\/p>\n\n\n\n<p>&nbsp;&nbsp;&nbsp;&nbsp;&nbsp;&nbsp;&nbsp; <strong><a href=\"https:\/\/www.w-143.com\/index.php\/porsche-911s-1970-schuco\/\">1970 911S &#8220;Steve McQueen&#8221; &#8211; Schuco<\/a><\/strong><\/p>\n\n\n\n<p>&nbsp;&nbsp;&nbsp;&nbsp;&nbsp;&nbsp;&nbsp; <strong><a href=\"https:\/\/www.w-143.com\/index.php\/porsche-911s-2-4-pw\/\">1972 911S 2.4 &#8211; pw<\/a><\/strong><\/p>\n\n\n\n<p>&nbsp;&nbsp;&nbsp;&nbsp;&nbsp;&nbsp;&nbsp; <strong><a href=\"https:\/\/www.w-143.com\/index.php\/porsche-911-carrera-2-7-rs-1973-ebbro\/\">1973 911 Carrera 2.7 RS &#8211; Ebbro<\/a><\/strong><\/p>\n\n\n\n<p>&nbsp;&nbsp;&nbsp;&nbsp;&nbsp;&nbsp;&nbsp; <strong><a href=\"https:\/\/www.w-143.com\/index.php\/porsche-911-carrera-2-7-rs-1973-minichamps\/\">1973 911 Carrera 2.7 RS &#8211; Minichamps<\/a><\/strong><\/p>\n\n\n\n<p>&nbsp;&nbsp;&nbsp;&nbsp;&nbsp;&nbsp;&nbsp; <strong><a href=\"https:\/\/www.w-143.com\/index.php\/porsche-911-930-turbo-1975-kyosho\/\">1975 911 (930) Turbo &#8211; Kyosho<\/a><\/strong><\/p>\n\n\n\n<p>&nbsp;&nbsp;&nbsp;&nbsp;&nbsp;&nbsp;&nbsp; <strong><a href=\"https:\/\/www.w-143.com\/index.php\/porsche-924-carrera-gt-1981-minichamps\/\">1981 924 Carrera GT &#8211; Minichamps<\/a><\/strong><\/p>\n\n\n\n<p>&nbsp;&nbsp;&nbsp;&nbsp;&nbsp;&nbsp;&nbsp; <strong><a href=\"https:\/\/www.w-143.com\/index.php\/porsche-935-strasenversion-spark\/\">1983 935 \u201cStra\u00dfenversion\u201d &#8211; Spark<\/a><\/strong><\/p>\n\n\n\n<p>&nbsp;&nbsp;&nbsp;&nbsp;&nbsp;&nbsp;&nbsp; <strong><a href=\"https:\/\/www.w-143.com\/index.php\/porsche-959-gruppe-b-prototype-spark\/\">1983 959 \u201cGruppe B\u201d prototype &#8211; Spark<\/a><\/strong><\/p>\n\n\n\n<p>&nbsp;&nbsp;&nbsp;&nbsp;&nbsp;&nbsp;&nbsp; <strong><a href=\"https:\/\/www.w-143.com\/index.php\/porsche-911-930-carrera-3-2-coupe-1984-kyosho\/\">1984 911 (930) Carrera 3.2 Coupe &#8211; Kyosho<\/a><\/strong><\/p>\n\n\n\n<p>&nbsp;&nbsp;&nbsp;&nbsp;&nbsp;&nbsp;&nbsp; <strong><a href=\"https:\/\/www.w-143.com\/index.php\/porsche-959-komfort-1986-spark\/\">1986 959 Komfort &#8211; Spark<\/a><\/strong><\/p>\n\n\n\n<p>&nbsp;&nbsp;&nbsp;&nbsp;&nbsp;&nbsp;&nbsp; <strong><a href=\"https:\/\/www.w-143.com\/index.php\/porsche-959-komfort-1986-pw\/\">1986 959 Komfort &#8211; pw<\/a><\/strong><\/p>\n\n\n\n<p>&nbsp;&nbsp;&nbsp;&nbsp;&nbsp;&nbsp;&nbsp; <strong><a href=\"https:\/\/www.w-143.com\/index.php\/porsche-911-964-carrera-3-8-rs-spark\/\">1993 911 (964) Carrera 3.8 RS &#8211; Spark<\/a><\/strong><\/p>\n\n\n\n<p>&nbsp;&nbsp;&nbsp;&nbsp;&nbsp;&nbsp;&nbsp; <strong><a href=\"https:\/\/www.w-143.com\/index.php\/porsche-911-993-gt2-spark\/\">1995 911 (993) GT2 &#8211; Spark<\/a><\/strong><\/p>\n\n\n\n<p>&nbsp;&nbsp;&nbsp;&nbsp;&nbsp;&nbsp;&nbsp; <strong><a href=\"https:\/\/www.w-143.com\/index.php\/\/porsche-911-993-turbo-1995-minichamps\/\">1995 911 (993) Turbo &#8211; Minichamps<\/a><\/strong><\/p>\n\n\n\n<p>&nbsp;&nbsp;&nbsp;&nbsp;&nbsp;&nbsp;&nbsp; <strong><a href=\"https:\/\/www.w-143.com\/index.php\/porsche-911-996-gt3-rs-minichamps\/\">2003 911 (996) GT3 RS &#8211; Minichamps<\/a><\/strong><\/p>\n\n\n\n<p>&nbsp;&nbsp;&nbsp;&nbsp;&nbsp;&nbsp;&nbsp; <strong><a href=\"https:\/\/www.w-143.com\/index.php\/porsche-carrera-gt-minichamps\/\">2003 Carrera GT &#8211; Minichamps<\/a><\/strong><\/p>\n\n\n\n<p>&nbsp;&nbsp;&nbsp;&nbsp;&nbsp;&nbsp;&nbsp; <strong><a href=\"https:\/\/www.w-143.com\/index.php\/porsche-911-997-turbo-s-2010-minichamps\/\">2010 911 (997) Turbo S &#8211; Minichamps<\/a><\/strong><\/p>\n\n\n\n<p>&nbsp;&nbsp;&nbsp;&nbsp;&nbsp;&nbsp;&nbsp; <strong><a href=\"https:\/\/www.w-143.com\/index.php\/porsche-911-991-gt3-rs-2015-minichamps\/\">2015 911 (991) GT3 RS &#8211; Minichamps<\/a><\/strong><\/p>\n\n\n\n<p>&nbsp;&nbsp;&nbsp;&nbsp;&nbsp;&nbsp;&nbsp; <strong><a href=\"https:\/\/www.w-143.com\/index.php\/porsche-918-spyder-2015-spark\/\">2015 918 Spyder &#8211; Spark<\/a><\/strong><\/p>\n\n\n\n<p>&nbsp;&nbsp;&nbsp;&nbsp;&nbsp;&nbsp;&nbsp; <strong><a href=\"https:\/\/www.w-143.com\/index.php\/porsche-911-r-spark\/\">2016 911 (991) R &#8211; Spark<\/a><\/strong><\/p>\n\n\n\n<p>&nbsp;&nbsp;&nbsp;&nbsp;&nbsp;&nbsp;&nbsp; <strong><a href=\"https:\/\/www.w-143.com\/index.php\/porsche-911-991-gt2-rs-weissach-package-spark\/\">2018 911 (991) GT2 RS &#8220;Weissach Package&#8221; &#8211; Spark<\/a><\/strong><\/p>\n\n\n\n<p>&nbsp;&nbsp;&nbsp;&nbsp;&nbsp;&nbsp;&nbsp; <strong><a href=\"https:\/\/www.w-143.com\/index.php\/porsche-911-991-2-gt3-rs-spark\/\">2018 911 (991.2) GT3 RS &#8211; Spark<\/a><\/strong><\/p>\n\n\n\n<p>&nbsp;&nbsp;&nbsp;&nbsp;&nbsp;&nbsp;&nbsp; <strong><a href=\"https:\/\/www.w-143.com\/index.php\/porsche-911-992-gt3-minichamps\/\">2021 911 (992) GT3 &#8211; Minichamps<\/a><\/strong><\/p>\n\n\n\n<h2 class=\"wp-block-heading\" id=\"ruf\"><em>Ruf<\/em><\/h2>\n\n\n\n<p>&nbsp;&nbsp;&nbsp;&nbsp;&nbsp;&nbsp;&nbsp; <strong><a href=\"https:\/\/www.w-143.com\/index.php\/ruf-ctr-spark\/\">1988 CTR &#8211; Spark<\/a><\/strong><\/p>\n\n\n\n<p>&nbsp;&nbsp;&nbsp;&nbsp;&nbsp;&nbsp;&nbsp; <strong><a href=\"https:\/\/www.w-143.com\/index.php\/1996-ruf-ctr2-spark\/\">1996 CTR2 &#8211; Spark<\/a><\/strong><\/p>\n\n\n\n<p>&nbsp;&nbsp;&nbsp;&nbsp;&nbsp;&nbsp;&nbsp; <strong><a href=\"https:\/\/www.w-143.com\/index.php\/ruf-ctr3-2008-spark\/\">2008 CTR3 &#8211; Spark<\/a><\/strong><\/p>\n\n\n\n<h2 class=\"wp-block-heading\" id=\"ruf\"><em>Volkswagen<\/em><\/h2>\n\n\n\n<p>&nbsp;&nbsp;&nbsp;&nbsp;&nbsp;&nbsp;&nbsp; <strong><a href=\"https:\/\/www.w-143.com\/index.php\/volkswagen-kafer-typ-38-06-schuco\/\">1938 Typ 38\/06 &#8211; Schuco<\/a><\/strong><\/p>\n\n\n\n<p>&nbsp;&nbsp;&nbsp;&nbsp;&nbsp;&nbsp;&nbsp; <strong><a href=\"https:\/\/www.w-143.com\/index.php\/volkswagen-kafer-1100-export-sedan-schuco\/\">1951 Sedan 1100 &#8220;Export&#8221; &#8211; Schuco<\/a><\/strong><\/p>\n\n\n\n<p>&nbsp;&nbsp;&nbsp;&nbsp;&nbsp;&nbsp;&nbsp; <strong><a href=\"https:\/\/www.w-143.com\/index.php\/volkswagen-kafer-1100--kombi-t1b-schuco\/\">1953 Sedan 1100 + 1956 Kombi T1b &#8220;Herbie Set&#8221; &#8211; Schuco<\/a><\/strong><\/p>\n\n\n\n<p>&nbsp;&nbsp;&nbsp;&nbsp;&nbsp;&nbsp;&nbsp; <strong><a href=\"https:\/\/www.w-143.com\/index.php\/volkswagen-1302-ls-limousine-ixo\/\">1972 1302 Limousine LS &#8211; Ixo<\/a><\/strong><\/p>\n\n\n\n<p>&nbsp;&nbsp;&nbsp;&nbsp;&nbsp;&nbsp;&nbsp; <strong><a href=\"https:\/\/www.w-143.com\/index.php\/volkswagen-1600-s-super-bug-schuco\/\">1975 1600 S &#8220;Super Bug&#8221; &#8211; Schuco<\/a><\/strong><\/p>\n\n\n\n<p>&nbsp;&nbsp;&nbsp;&nbsp;&nbsp;&nbsp;&nbsp; <strong><a href=\"https:\/\/www.w-143.com\/index.php\/volkswagen-vocho-sedan-clasico-open-air-schuco\/\">1996 Sed\u00e1n Cl\u00e1sico &#8220;Open Air&#8221; &#8211; Schuco<\/a><\/strong><\/p>\n\n\n\n<p>&nbsp;&nbsp;&nbsp;&nbsp;&nbsp;&nbsp;&nbsp; <strong><a href=\"https:\/\/www.w-143.com\/index.php\/volkswagen-sedan-ultima-edicion-schuco\/\">2003 Sed\u00e1n &#8220;\u00daltima Edici\u00f3n&#8221; &#8211; Schuco<\/a><\/strong><\/p>\n\n\n\n<h2 class=\"wp-block-heading\" id=\"ruf\"><em>Customs \/ Modified<\/em><\/h2>\n\n\n\n<p>&nbsp;&nbsp;&nbsp;&nbsp;&nbsp;&nbsp;&nbsp; <strong><a href=\"https:\/\/www.w-143.com\/index.php\/porsche-911-930-rauh-welt-begriff-ixo\/\">1985 Porsche 911 (930) Turbo RAUH-Welt BEGRIFF &#8211; Ixo<\/a><\/strong><\/p>\n\n\n\n<p>&nbsp;&nbsp;&nbsp;&nbsp;&nbsp;&nbsp;&nbsp; <strong><a href=\"https:\/\/www.w-143.com\/index.php\/porsche-911-964-rauh-welt-begriff-backdate-tarmac-works\/\">1988 <strong>Porsche <\/strong>911 (964) Carrera RAUH-Welt BEGRIFF Backdate &#8211; Tarmac Works<\/a><\/strong><\/p>\n\n\n\n<p>&nbsp;&nbsp;&nbsp;&nbsp;&nbsp;&nbsp;&nbsp; <strong><a href=\"https:\/\/www.w-143.com\/index.php\/porsche-911-964-rauh-welt-begriff-backdate-51-tarmac-works\/\">1988 <strong>Porsche <\/strong>911 (964) Carrera RAUH-Welt BEGRIFF Backdate #51 &#8211; Tarmac Works<\/a><\/strong><\/p>\n\n\n\n<p>&nbsp;&nbsp;&nbsp;&nbsp;&nbsp;&nbsp;&nbsp; <strong><a href=\"https:\/\/www.w-143.com\/index.php\/porsche-911-964-carrera-4-rauh-welt-begriff-waikato-tarmac-works\/\">1990 <strong>Porsche <\/strong>911 (964) Carrera 4 RAUH-Welt BEGRIFF &#8220;Waikato&#8221; &#8211; Tarmac Works<\/a><\/strong><\/p>\n\n\n\n<p>&nbsp;&nbsp;&nbsp;&nbsp;&nbsp;&nbsp;&nbsp; <strong><a href=\"https:\/\/www.w-143.com\/index.php\/porsche-911-993-rauh-welt-begriff-soulmate-jagermeister-ixo\/\">1994 <strong>Porsche <\/strong>911 (993) RAUH-Welt BEGRIFF &#8220;Soulmate J\u00e4germeister&#8221; &#8211; Ixo<\/a><\/strong><\/p>\n\n\n\n<p>&nbsp;&nbsp;&nbsp;&nbsp;&nbsp;&nbsp;&nbsp; <strong><a href=\"https:\/\/www.w-143.com\/index.php\/porsche-911-993-turbo-rauh-welt-begriff-rotana-tarmac-works\/\">1995 <strong>Porsche <\/strong>911 (993) Turbo RAUH-Welt BEGRIFF &#8220;Rotana&#8221; &#8211; Tarmac Works<\/a><\/strong><\/p>\n\n\n\n<p>&nbsp;&nbsp;&nbsp;&nbsp;&nbsp;&nbsp;&nbsp; <strong><a href=\"https:\/\/www.w-143.com\/index.php\/porsche-911-993-carrera-2s-rauh-welt-begriff-rough-rhythm-martini-tarmac-works\/\">1996 <strong>Porsche <\/strong>911 (993) Carrera 2S RAUH-Welt BEGRIFF &#8220;Rough rhythm Martini&#8221; &#8211; Tarmac Works<\/a><\/strong><\/p>\n\n\n\n<p>&nbsp;&nbsp;&nbsp;&nbsp;&nbsp;&nbsp;&nbsp; <strong><a href=\"https:\/\/www.w-143.com\/index.php\/porsche-911-997-carrera-rad-old-new-ixo\/\">2005 <strong>Porsche <\/strong>911 (997) Carrera RAD &#8220;Old &amp; New&#8221; &#8211; Ixo<\/a><\/strong><\/p>\n\n\n\n<p>&nbsp;&nbsp;&nbsp;&nbsp;&nbsp;&nbsp;&nbsp; <strong><a href=\"https:\/\/www.w-143.com\/index.php\/porsche-911-gt2-997-ii-techart-gt-street-rs-2011-spark\/\">2011 <strong>Porsche <\/strong>911 (997) GT2 TECHART GT Street RS &#8211; Spark<\/a><\/strong><\/p>\n","protected":false},"excerpt":{"rendered":"<p>Alfa Romeo &nbsp;&nbsp;&nbsp;&nbsp;&nbsp;&nbsp;&nbsp; 2003 8C Competizione (Concept) 2003 &#8211; Spark Audi &nbsp;&nbsp;&nbsp;&nbsp;&nbsp;&nbsp;&nbsp; 2009 TT RS &#8211; Schuco &nbsp;&nbsp;&nbsp;&nbsp;&nbsp;&nbsp;&nbsp; 2010 R8 GT &#8211; Schuco &nbsp;&nbsp;&nbsp;&nbsp;&nbsp;&nbsp;&nbsp; 2015 R8 V10 Plus &#8211; Herpa Bentley &nbsp;&nbsp;&nbsp;&nbsp;&nbsp;&nbsp;&nbsp; 1930 Speed Six &#8220;Blue Train Special&#8221; &#8211; Minichamps BMW &nbsp;&nbsp;&nbsp;&nbsp;&nbsp;&nbsp;&nbsp; 1973 2002 Turbo &#8211; Spark &nbsp;&nbsp;&nbsp;&nbsp;&nbsp;&nbsp;&nbsp; 1973 3.0 CSL \u201cBatmobile\u201d &#8211; Schuco &nbsp;&nbsp;&nbsp;&nbsp;&nbsp;&nbsp;&nbsp; &hellip; <a href=\"https:\/\/www.w-143.com\/index.php\/passenger\/\" class=\"more-link\">Continue reading<span class=\"screen-reader-text\"> &#8220;PASSENGER CARS&#8221;<\/span><\/a><\/p>\n","protected":false},"author":1,"featured_media":0,"parent":0,"menu_order":0,"comment_status":"closed","ping_status":"closed","template":"","meta":{"footnotes":""},"class_list":["post-936","page","type-page","status-publish","hentry"],"post_mailing_queue_ids":[],"_links":{"self":[{"href":"https:\/\/www.w-143.com\/index.php\/wp-json\/wp\/v2\/pages\/936","targetHints":{"allow":["GET"]}}],"collection":[{"href":"https:\/\/www.w-143.com\/index.php\/wp-json\/wp\/v2\/pages"}],"about":[{"href":"https:\/\/www.w-143.com\/index.php\/wp-json\/wp\/v2\/types\/page"}],"author":[{"embeddable":true,"href":"https:\/\/www.w-143.com\/index.php\/wp-json\/wp\/v2\/users\/1"}],"replies":[{"embeddable":true,"href":"https:\/\/www.w-143.com\/index.php\/wp-json\/wp\/v2\/comments?post=936"}],"version-history":[{"count":115,"href":"https:\/\/www.w-143.com\/index.php\/wp-json\/wp\/v2\/pages\/936\/revisions"}],"predecessor-version":[{"id":19084,"href":"https:\/\/www.w-143.com\/index.php\/wp-json\/wp\/v2\/pages\/936\/revisions\/19084"}],"wp:attachment":[{"href":"https:\/\/www.w-143.com\/index.php\/wp-json\/wp\/v2\/media?parent=936"}],"curies":[{"name":"wp","href":"https:\/\/api.w.org\/{rel}","templated":true}]}}