{"id":6040,"date":"2019-05-28T10:30:52","date_gmt":"2019-05-28T12:30:52","guid":{"rendered":"http:\/\/www.w-143.com\/?page_id=6040"},"modified":"2020-05-03T11:21:09","modified_gmt":"2020-05-03T14:21:09","slug":"venturi-600-lm-30-ixo","status":"publish","type":"page","link":"https:\/\/www.w-143.com\/index.php\/venturi-600-lm-30-ixo\/","title":{"rendered":"Venturi 600 LM #30 &#8211; Ixo"},"content":{"rendered":"\n<figure class=\"wp-block-image\"><img decoding=\"async\" src=\"https:\/\/www.w-143.com\/+upload\/p-z\/venturi_600lm_30_01.jpg\" alt=\"\"\/><\/figure>\n\n\n\n<pre class=\"wp-block-preformatted\"><strong>1993 Venturi 600 LM<\/strong>\nPilots: H. Poulain, B. Chouvain, J-L. Maury-Laribiere\nTeam: <em>BBA Comp\u00e9tition<\/em>\nRace: DNC (GT1 class) at Le Mans in 1994\nIxo - &nbsp;LMC 144 (diecast) <\/pre>\n\n\n\n<p class=\"has-text-align-right has-small-font-size\">Published 05\/28\/19<\/p>\n\n\n\n<p class=\"has-drop-cap\">By 1992, top level racing was switching from prototypes to GT production cars. Venturi recognized that, and created the Venturi 500 LM specifically for the 24 Hours of Le Mans. It featured a steel chassis built around a central backbone, with a double wishbone suspension on all four corners. The engine was the <a rel=\"noreferrer noopener\" aria-label=\" (opens in a new tab)\" href=\"https:\/\/upload.wikimedia.org\/wikipedia\/commons\/thumb\/2\/25\/PRVenginevolvo.jpg\/280px-PRVenginevolvo.jpg\" target=\"_blank\">PRV ZPJ4<\/a>, a turbocharged V6 with 2975 cm\u00b3 that delivered 500 hp. The car, aimed at gentlemen drivers, had extensive support from Venturi. In the <em>24 Heures du Mans<\/em> of 1993, seven 500 LM raced. Five of them finished, in 23rd, 25th, <a href=\"http:\/\/www.w-143.com\/index.php\/venturi-500-lm-70-spark\/\" target=\"_blank\" rel=\"noreferrer noopener\" aria-label=\" (opens in a new tab)\">27th<\/a>, 28th and 29th. For the next season the car received aerodynamic improvements and a more powerful engine. The upgraded engine delivered 600 hp, and these new cars were named <strong>600 LM<\/strong>.<\/p>\n\n\n\n<figure class=\"wp-block-image\"><img decoding=\"async\" src=\"https:\/\/www.w-143.com\/+upload\/p-z\/venturi_600lm_30_02.jpg\" alt=\"\"\/><figcaption>When roof tiles become art work&#8230;<\/figcaption><\/figure>\n\n\n\n<p>This #30 is chassis #LM006, and was one of the original six 500 LM of 1993. BBA Comp\u00e9tition bought the car in late 1993 and upgraded it to 600 LM specs for the 1994 race. Herv\u00e9 Poulain was once again with BBA Comp\u00e9tition, and once again he wanted to race an art car. So first he got in touch with Franco-American artist <strong>Armand <\/strong>(Armand Pierre Fernandez), that agreed to paint BBA\u2019s new ride. He then secured a sponsorship from <em>Tuiles TBF<\/em>, a French brand of hand-made roofing tiles. With the 600 LM as his canvas, Armand painted the car as if covered in roof tiles. Consequently, BBA\u2019s 600 LM became the \u201cTBF Tiles Car\u201d.<\/p>\n\n\n\n<figure class=\"wp-block-image\"><img decoding=\"async\" src=\"https:\/\/www.w-143.com\/+upload\/p-z\/venturi_600lm_30_03.jpg\" alt=\"\"\/><figcaption>I&#8217;m not a fan of brown cars, but I have to say that that looks VERY good.<\/figcaption><\/figure>\n\n\n\n<p>The TBF Tiles Car, despite its artistic pedigree didn\u2019t fair very well in the race. Though crossing the finish line, it only covered 221 laps, and did not classify. To classify it needed to cover at least 70% of the winner\u00b4s laps &#8211; in other words, 241 laps. Classified or not, it\u2019s an art car, therefore HIGHLY interesting to me.<\/p>\n\n\n\n<figure class=\"wp-block-image size-large\"><img decoding=\"async\" src=\"https:\/\/www.w-143.com\/+upload\/p-z\/venturi_600lm_30_04.jpg\" alt=\"\"\/><figcaption>Ixo \u00d7 Spark: with the colorful livery, Ixo easily takes the win.<\/figcaption><\/figure>\n\n\n\n<p>I tried to buy the Spark version of this model twice, but something or other prevented me on both tries. So when an Ixo version showed up, what the hey\u2026 It\u2019s a pretty nice model, finely detailed, but the whole livery is a wrap-around decal. In some sections it\u2019s not totally smooth, and at close inspection you can notice it. But from 50 cm away it looks basically as good as a Spark. Yep, it&#8217;s <em>really <\/em>good.  So for less than half the price of the Spark version, I think it was a neat acquisition. <\/p>\n\n\n\n<figure class=\"wp-block-image size-large\"><img decoding=\"async\" src=\"https:\/\/www.w-143.com\/+upload\/p-z\/venturi_600lm_30_05.jpg\" alt=\"\"\/><\/figure>\n","protected":false},"excerpt":{"rendered":"<p>1993 Venturi 600 LM Pilots: H. Poulain, B. Chouvain, J-L. Maury-Laribiere Team: BBA Comp\u00e9tition Race: DNC (GT1 class) at Le Mans in 1994 Ixo &#8211; &nbsp;LMC 144 (diecast) Published 05\/28\/19 By 1992, top level racing was switching from prototypes to GT production cars. Venturi recognized that, and created the Venturi 500 LM specifically for the &hellip; <a href=\"https:\/\/www.w-143.com\/index.php\/venturi-600-lm-30-ixo\/\" class=\"more-link\">Continue reading<span class=\"screen-reader-text\"> &#8220;Venturi 600 LM #30 &#8211; Ixo&#8221;<\/span><\/a><\/p>\n","protected":false},"author":1,"featured_media":0,"parent":0,"menu_order":0,"comment_status":"open","ping_status":"closed","template":"","meta":{"footnotes":""},"class_list":["post-6040","page","type-page","status-publish","hentry"],"post_mailing_queue_ids":[],"_links":{"self":[{"href":"https:\/\/www.w-143.com\/index.php\/wp-json\/wp\/v2\/pages\/6040","targetHints":{"allow":["GET"]}}],"collection":[{"href":"https:\/\/www.w-143.com\/index.php\/wp-json\/wp\/v2\/pages"}],"about":[{"href":"https:\/\/www.w-143.com\/index.php\/wp-json\/wp\/v2\/types\/page"}],"author":[{"embeddable":true,"href":"https:\/\/www.w-143.com\/index.php\/wp-json\/wp\/v2\/users\/1"}],"replies":[{"embeddable":true,"href":"https:\/\/www.w-143.com\/index.php\/wp-json\/wp\/v2\/comments?post=6040"}],"version-history":[{"count":9,"href":"https:\/\/www.w-143.com\/index.php\/wp-json\/wp\/v2\/pages\/6040\/revisions"}],"predecessor-version":[{"id":10246,"href":"https:\/\/www.w-143.com\/index.php\/wp-json\/wp\/v2\/pages\/6040\/revisions\/10246"}],"wp:attachment":[{"href":"https:\/\/www.w-143.com\/index.php\/wp-json\/wp\/v2\/media?parent=6040"}],"curies":[{"name":"wp","href":"https:\/\/api.w.org\/{rel}","templated":true}]}}