{"id":2170,"date":"2018-06-19T11:57:54","date_gmt":"2018-06-19T14:57:54","guid":{"rendered":"https:\/\/werner.med.br\/w143\/?page_id=63"},"modified":"2022-01-23T15:04:09","modified_gmt":"2022-01-23T18:04:09","slug":"1977-renault-alpine-a442-spark","status":"publish","type":"page","link":"https:\/\/www.w-143.com\/index.php\/1977-renault-alpine-a442-spark\/","title":{"rendered":"Renault-Alpine A442 #8 &#8211; Spark"},"content":{"rendered":"\n<figure class=\"wp-block-image\"><img decoding=\"async\" src=\"https:\/\/www.w-143.com\/+upload\/p-z\/renault_a442_8_01.jpg\" alt=\"\"\/><\/figure>\n\n\n\n<pre class=\"wp-block-preformatted\"><strong>1977 Renault-Alpine A442<\/strong> <br>Pilots: P. Depailler, J. Lafitte <br>Team: <em>Renault Sport<\/em> <br>Race: DNF (Group 6) at Le Mans in 1977 <br>Spark - S1554 (resin)<\/pre>\n\n\n\n<p class=\"has-text-align-right has-small-font-size\"><span style=\"color: #808080;\">Published 06\/19\/18<\/span><\/p>\n\n\n\n<p class=\"has-drop-cap\">Founded by the ex-pilot Jean R\u00e9d\u00e9l\u00e9 in 1955, Alpine started out making racing coupes using Renault 4CV engines. The firm always had a great relationship with Renault, and by 1971 Alpine had become the French automaker\u2019s <em>de facto<\/em> racing department. In 1973, Renault was interested in entering in the European Sports Prototype Championship, and Alpine was developing the <a href=\"http:\/\/www.velocetoday.com\/wp-content\/uploads\/2014\/06\/Pic-2.jpg\" target=\"_blank\" rel=\"noopener noreferrer\">A440<\/a> and later on the <a href=\"http:\/\/www.velocetoday.com\/wp-content\/uploads\/2014\/06\/pic-3a.jpg\" target=\"_blank\" rel=\"noopener noreferrer\">A441<\/a> to use Renault\u2019s new V6 engine. In early 1976 Renault finally bought the engineering firm, and Alpine officially became their racing division.<\/p>\n\n\n\n<figure class=\"wp-block-image\"><img decoding=\"async\" src=\"https:\/\/www.w-143.com\/+upload\/p-z\/renault_a442_8_02.jpg\" alt=\"A442 #8\"\/><figcaption>Renault developed a lot the car&#8217;s aerodynamics, with a huge emphasis in top speed.<\/figcaption><\/figure>\n\n\n\n<p>With the acquisition Renault inherited all of Alpine\u2019s projects, and one of them was the A442. The car officially debuted in 1975, at the Mugello 1000 km. Though still under development, to the surprise of the engineering team, it finished in first place. However, for Renault what really imported was the race at La Sarthe. It was a matter of pride to put a Renault car at the podium.<\/p>\n\n\n\n<figure class=\"wp-block-image size-large\"><img decoding=\"async\" src=\"https:\/\/www.w-143.com\/+upload\/p-z\/renault_a442_8_03.jpg\" alt=\"\"\/><figcaption>The Renault-Elf yellow &amp; black livery is one of my favorite racing liveries. <\/figcaption><\/figure>\n\n\n\n<p>The A442 was a direct evolution of the first A440, but with a big difference: it was turbo-charged. The engine was a 1997 cm\u00b3 <a href=\"https:\/\/www.flatout.com.br\/wp-content\/uploads\/2015\/05\/motor-v6.jpg\" target=\"_blank\" rel=\"noopener noreferrer\">Renault-Gordini V6<\/a> at 90\u00ba, with 24 valves and DOHC, but boosted by a large Garrett turbocharger, pushing power output to 490 hp. The chassis was a relatively petit steel space frame but enveloped in a long glass fiber body. It was specially long at the rear, for better aerodynamics specifically to allow higher speeds at the Mulsanne straight. The A442 first raced at La Sarthe in the <a href=\"https:\/\/i.pinimg.com\/originals\/ae\/7b\/5d\/ae7b5dee32df593543bb82e20cf5445f.jpg\" target=\"_blank\" rel=\"noopener noreferrer\">1976 race<\/a>, but had to abandon in the 135th lap with engine problems.<\/p>\n\n\n\n<figure class=\"wp-block-image size-large\"><img decoding=\"async\" src=\"https:\/\/www.w-143.com\/+upload\/p-z\/renault_a442_8_04.jpg\" alt=\"\"\/><figcaption>In 143rd, Spark did a brilliant job.<\/figcaption><\/figure>\n\n\n\n<p>With the car fully developed, for the 1977 <em>24 Heures du Mans<\/em> Renault Sport lined up a full deck of <a rel=\"noopener noreferrer\" href=\"https:\/\/i.pinimg.com\/originals\/d5\/e0\/07\/d5e00707e04bedaa527825707fe84daf.jpg\" target=\"_blank\">three A442s<\/a>. Unfortunately though, that year Lady Luck was not speaking French, and all cars had to abandon because of engine problems. A442 #8 is <a rel=\"noopener noreferrer\" href=\"https:\/\/cdn-8.motorsport.com\/static\/img\/mgl\/300000\/310000\/315000\/315500\/315518\/s8\/lemans-24-hours-of-le-mans-1977-8-renault-sport-renault-alpine-a442-patrick-depailler-jacq.jpg\" target=\"_blank\">chassis #442<\/a>, the last remaining Renault to abandon on the 289th lap.<\/p>\n\n\n\n<figure class=\"wp-block-image\"><img decoding=\"async\" src=\"https:\/\/www.w-143.com\/+upload\/zgroup\/renaults_01.jpg\" alt=\"A442 #8\"\/><figcaption>Spark \u00d7 Spark = hard to say which is the nicest model.<\/figcaption><\/figure>\n\n\n\n<p>In 1:43rd terms there isn&#8217;t much to say other than it&#8217;s a Spark. In other words, it&#8217;s a fantastic model, just as nice as the winning <a rel=\"noreferrer noopener\" href=\"https:\/\/www.w-143.com\/index.php\/renault-alpine-a442-b-2-spark\/\" target=\"_blank\">Bubble Top<\/a>. Well, I would say the A442 #8 is my second best A442 just because #8 has the bubble top. However, since A442 #8 here is not a winner, maybe it&#8217;s just for the Le Mans buff.<\/p>\n","protected":false},"excerpt":{"rendered":"<p>1977 Renault-Alpine A442 Pilots: P. Depailler, J. Lafitte Team: Renault Sport Race: DNF (Group 6) at Le Mans in 1977 Spark &#8211; S1554 (resin) Published 06\/19\/18 Founded by the ex-pilot Jean R\u00e9d\u00e9l\u00e9 in 1955, Alpine started out making racing coupes using Renault 4CV engines. The firm always had a great relationship with Renault, and by &hellip; <a href=\"https:\/\/www.w-143.com\/index.php\/1977-renault-alpine-a442-spark\/\" class=\"more-link\">Continue reading<span class=\"screen-reader-text\"> &#8220;Renault-Alpine A442 #8 &#8211; Spark&#8221;<\/span><\/a><\/p>\n","protected":false},"author":1,"featured_media":0,"parent":0,"menu_order":0,"comment_status":"open","ping_status":"closed","template":"","meta":{"footnotes":""},"class_list":["post-2170","page","type-page","status-publish","hentry"],"post_mailing_queue_ids":[],"_links":{"self":[{"href":"https:\/\/www.w-143.com\/index.php\/wp-json\/wp\/v2\/pages\/2170","targetHints":{"allow":["GET"]}}],"collection":[{"href":"https:\/\/www.w-143.com\/index.php\/wp-json\/wp\/v2\/pages"}],"about":[{"href":"https:\/\/www.w-143.com\/index.php\/wp-json\/wp\/v2\/types\/page"}],"author":[{"embeddable":true,"href":"https:\/\/www.w-143.com\/index.php\/wp-json\/wp\/v2\/users\/1"}],"replies":[{"embeddable":true,"href":"https:\/\/www.w-143.com\/index.php\/wp-json\/wp\/v2\/comments?post=2170"}],"version-history":[{"count":8,"href":"https:\/\/www.w-143.com\/index.php\/wp-json\/wp\/v2\/pages\/2170\/revisions"}],"predecessor-version":[{"id":13410,"href":"https:\/\/www.w-143.com\/index.php\/wp-json\/wp\/v2\/pages\/2170\/revisions\/13410"}],"wp:attachment":[{"href":"https:\/\/www.w-143.com\/index.php\/wp-json\/wp\/v2\/media?parent=2170"}],"curies":[{"name":"wp","href":"https:\/\/api.w.org\/{rel}","templated":true}]}}