{"id":16099,"date":"2023-09-15T07:55:00","date_gmt":"2023-09-15T10:55:00","guid":{"rendered":"https:\/\/www.w-143.com\/?page_id=16099"},"modified":"2023-09-14T16:49:18","modified_gmt":"2023-09-14T19:49:18","slug":"toyota-gr010-hybrid-8-spark","status":"publish","type":"page","link":"https:\/\/www.w-143.com\/index.php\/toyota-gr010-hybrid-8-spark\/","title":{"rendered":"Toyota GR010-Hybrid #8 &#8211; Spark"},"content":{"rendered":"\n<figure class=\"wp-block-image size-large\"><img decoding=\"async\" src=\"https:\/\/www.w-143.com\/+upload\/p-z\/toyota_gr010_8_01.jpg\" alt=\"GR010 #8\"\/><\/figure>\n\n\n\n<pre class=\"wp-block-preformatted\"><strong>2022 Toyota GR010-Hybrid #8<\/strong>\nPilots: S. Buemi, B. Hartley, R. Hirakawa\nTeam: <em>Toyota Gazoo Racing<\/em>\nRace: 1st overall (LMH class) at Le Mans in <strong>2022<\/strong>\nSpark - 43LM22 (resin)<\/pre>\n\n\n\n<p class=\"has-text-align-right has-medium-gray-color has-text-color has-small-font-size\">Published 09\/15\/23<\/p>\n\n\n\n<p class=\"has-drop-cap\">Toyota started its winning streak at La Sarthe in 2018. With the TS050 they won in 2018, 2019, and 2020. With the demise of the LMP1 class and birth of the hypercar class, in 2021 came the <strong>GR010<\/strong>. And once again Toyota came first. Not only that, but they also won FIA\u2019s WEC in 2018-2019, 2019-2020 and in 2021. So to say that Toyota was dominating endurance racing would be an understatement. For 2022 they were back to La Sarthe, fielding the same GR010. Toyota Gazoo Racing, the manufacturer\u2019s works team, arrived with <a href=\"https:\/\/toyotagazooracing.com\/-\/media\/TMC\/tgr\/global\/contents\/wec\/images\/report\/2022\/03\/p002.jpg\" target=\"_blank\" rel=\"noreferrer noopener\">two cars<\/a>. Mike Conway, Kamui Kobayashi and Jos\u00e9 Mar\u00eda L\u00f3pez, the 2021 winners, received car #7 (chassis #20-04). And GR010 #8 (chassis #20-05) went to S\u00e9bastien Buemi, Brendon Hartley and Ry\u014d Hirakawa. Faced with very little opposition from Alpine and Glickenhaus, Toyota was (once again)&nbsp; the absolute favorite.<\/p>\n\n\n\n<figure class=\"wp-block-image size-large\"><img decoding=\"async\" src=\"https:\/\/www.w-143.com\/+upload\/p-z\/toyota_gr010_8_02.jpg\" alt=\"GR010 #8\"\/><figcaption class=\"wp-element-caption\">For 2022 the GR010 was basically the same car, though with a different fuel in the tank.<\/figcaption><\/figure>\n\n\n\n<p>Though being the favorites, Toyota did not take any chances, therefore for the 2022 season they further developed the GR010. The power train, however, was the same hybrid system from 2021. Toyota used a 3500 cm\u00b3 twin-turbo V6 to power the rear wheels and electric motors for the front wheels. The system delivered 500 kW (671 hp) from the ICE plus 200 kW (268 hp) from the electric motors. Though the system was the same from 2021, for 2022 WEC mandated the use of 100% renewable fuel. That being so, the GR010 now drinks a biofuel made of wine and other agriculture residues, producing 65% less CO2. The updated car also uses different tire sizes and received quite a few aerodynamic tweaks. And since competition would be light, the GR010 received a more severe Balance of Performance (BoP) restriction than 2021.&nbsp;<\/p>\n\n\n\n<figure class=\"wp-block-image size-large\"><img decoding=\"async\" src=\"https:\/\/www.w-143.com\/+upload\/zgroup\/toyotas_02.jpg\" alt=\"\"\/><figcaption class=\"wp-element-caption\">Same old same old\u2026 Hard to tell the 2022 GR010 #8 a part from the <a href=\"https:\/\/www.w-143.com\/index.php\/toyota-gr010-hybrid-7-spark\/\" target=\"_blank\" rel=\"noreferrer noopener\">2021 #7<\/a>.<\/figcaption><\/figure>\n\n\n\n<p>This BoP mainly consisted of a tighter control over when and how the car could use the hybrid system. Nonetheless, even with a stricter BoP, it was a walk in the park for Toyota. Both GR010 exchanged the lead throughout the race, with no other car coming close to threatening them. In the end, GR010 #8 came in <a href=\"https:\/\/cdn-6.motorsport.com\/images\/amp\/0ZRxMoR0\/s6\/le-mans-24-hours-of-le-mans-20-2.jpg\" target=\"_blank\" rel=\"noreferrer noopener\">first<\/a> while GR010 #7 came in second. In the top class, the 2022 race was one of the most boring Le Mans races I ever saw. Everyone (me included) thought that Toyota won because there was no opposition. And in 2023, with the diverse competition, that assumption kind of confirmed itself\u2026\ud83e\udd14 Nonetheless, in scale the GR010 #8 looks (the usual) Spark-great. Even if the livery is friggin\u2019 boring. Yet, since it\u2019s an overall winner, for me it is a must buy.<\/p>\n","protected":false},"excerpt":{"rendered":"<p>2022 Toyota GR010-Hybrid #8 Pilots: S. Buemi, B. Hartley, R. Hirakawa Team: Toyota Gazoo Racing Race: 1st overall (LMH class) at Le Mans in 2022 Spark &#8211; 43LM22 (resin) Published 09\/15\/23 Toyota started its winning streak at La Sarthe in 2018. With the TS050 they won in 2018, 2019, and 2020. With the demise of &hellip; <a href=\"https:\/\/www.w-143.com\/index.php\/toyota-gr010-hybrid-8-spark\/\" class=\"more-link\">Continue reading<span class=\"screen-reader-text\"> &#8220;Toyota GR010-Hybrid #8 &#8211; Spark&#8221;<\/span><\/a><\/p>\n","protected":false},"author":1,"featured_media":0,"parent":0,"menu_order":0,"comment_status":"open","ping_status":"closed","template":"","meta":{"footnotes":""},"class_list":["post-16099","page","type-page","status-publish","hentry"],"post_mailing_queue_ids":[],"_links":{"self":[{"href":"https:\/\/www.w-143.com\/index.php\/wp-json\/wp\/v2\/pages\/16099","targetHints":{"allow":["GET"]}}],"collection":[{"href":"https:\/\/www.w-143.com\/index.php\/wp-json\/wp\/v2\/pages"}],"about":[{"href":"https:\/\/www.w-143.com\/index.php\/wp-json\/wp\/v2\/types\/page"}],"author":[{"embeddable":true,"href":"https:\/\/www.w-143.com\/index.php\/wp-json\/wp\/v2\/users\/1"}],"replies":[{"embeddable":true,"href":"https:\/\/www.w-143.com\/index.php\/wp-json\/wp\/v2\/comments?post=16099"}],"version-history":[{"count":6,"href":"https:\/\/www.w-143.com\/index.php\/wp-json\/wp\/v2\/pages\/16099\/revisions"}],"predecessor-version":[{"id":16190,"href":"https:\/\/www.w-143.com\/index.php\/wp-json\/wp\/v2\/pages\/16099\/revisions\/16190"}],"wp:attachment":[{"href":"https:\/\/www.w-143.com\/index.php\/wp-json\/wp\/v2\/media?parent=16099"}],"curies":[{"name":"wp","href":"https:\/\/api.w.org\/{rel}","templated":true}]}}