{"id":15141,"date":"2023-03-24T07:55:00","date_gmt":"2023-03-24T10:55:00","guid":{"rendered":"https:\/\/www.w-143.com\/?page_id=15141"},"modified":"2023-03-22T08:14:28","modified_gmt":"2023-03-22T11:14:28","slug":"toyota-ts050-lmp1-h-8-spark","status":"publish","type":"page","link":"https:\/\/www.w-143.com\/index.php\/toyota-ts050-lmp1-h-8-spark\/","title":{"rendered":"Toyota TS050 LMP1-H #8 &#8211; Spark"},"content":{"rendered":"\n<figure class=\"wp-block-image size-large\"><img decoding=\"async\" src=\"https:\/\/www.w-143.com\/+upload\/p-z\/toyota_ts050_2019_8_01.jpg\" alt=\"TS050\"\/><\/figure>\n\n\n\n<pre class=\"wp-block-preformatted\"><strong>2019 Toyota TS050 LMP1-H #8<\/strong>\nPilots: S. Buemi, K. Nakajima, F. Alonso\nTeam: <em>Toyota Gazoo Racing<\/em>\nRace: 1st overall (LMP1 class) at Le Mans in <strong>2019<\/strong>\nSpark - 43LM19 (resin)<\/pre>\n\n\n\n<p class=\"has-text-align-right has-medium-gray-color has-text-color has-small-font-size\">Published 03\/24\/23<\/p>\n\n\n\n<p class=\"has-drop-cap\">Toyota was after a Le Mans win since 1985. They got close in 1999 and 2013, when they finished in second overall. Yet, no overall win. Things changed with the <strong>TS050 Hybrid. <\/strong>Introduced in 2016 with high hopes, the car didn\u2019t start out on the top. That year its best result was a second place at Silverstone. And later on, at La Sarthe, TS050 #5 was the protagonist in one of Le Mans\u2019 most heart-breaking moments. Car #5 was consistent and on the lead over the second place <a href=\"https:\/\/www.w-143.com\/index.php\/porsche-919-hybrid-2-spark\/\" target=\"_blank\" rel=\"noreferrer noopener\">Porsche 919 #2<\/a>. However, with just 6 minutes to go, its engine experienced problems, and the Porsche overtook and won the race. The following year Toyota returned to Le Mans this time with a three-car team. Yet, only one finished, and in <a href=\"https:\/\/www.w-143.com\/index.php\/toyota-ts050-hybrid-8-spark\/\" target=\"_blank\" rel=\"noreferrer noopener\">eighth place<\/a>. Nonetheless, with Audi away since 2016 and Porsche leaving in 2017, 2018 could very well be Toyota\u2019s break.<\/p>\n\n\n\n<figure class=\"wp-block-image size-large\"><img decoding=\"async\" src=\"https:\/\/www.w-143.com\/+upload\/p-z\/toyota_ts050_2019_8_02.jpg\" alt=\"TS050\"\/><figcaption class=\"wp-element-caption\">Toyota\u2019s journey at Le Mans was a very long one.<\/figcaption><\/figure>\n\n\n\n<p>Although, even with Porsche and Audi out of the way, Toyota improved the TS050 for 2018. The engineering team produced some aerodynamic tweaks and most importantly, mainly improved the TS050\u2019s reliability. As Toyota painfully learned in 2016, to win Le Mans you first need to finish the race. So, with a good and reliable car, and with not much competition, Toyota finally scored a victory. Cars #8 and #7 finished in <a href=\"https:\/\/www.topgear.com\/sites\/default\/files\/images\/news-article\/2018\/06\/ce35deb243725f258bb8bcdf6dbe743b\/le-mans-2018-7.jpg\" target=\"_blank\" rel=\"noreferrer noopener\">first and second place<\/a> respectively, with the third place 10 laps behind. Many twisted their nose at Toyota\u2019s feat, since competition was scarce. Well, that may be true, nonetheless the brand was investing in Le Mans for a total of 19 years. As a comparison, Porsche also took 19 years to take a trophy home. So it wasn\u2019t only luck. It cost Toyota a lot of sweat, blood and tears to get there.<\/p>\n\n\n\n<figure class=\"wp-block-image size-large\"><img decoding=\"async\" src=\"https:\/\/www.w-143.com\/+upload\/p-z\/toyota_ts050_2019_8_03.jpg\" alt=\"TS050\"\/><figcaption class=\"wp-element-caption\">2019: if it ain\u2019t broke, don\u2019t mess with it.<\/figcaption><\/figure>\n\n\n\n<p>For 2019, Toyota was obviously back at La Sarthe. And with the same TS050. In fact, they didn&#8217;t even change their driving roster. Never mess with a winning team, right? TS050 #8 was again in the hands of S\u00e9bastien Buemi, Kazuki Nakajima and Fernando Alonso, while Mike Conway, Kamui Kobayashi and Jos\u00e9 Mar\u00eda L\u00f3pez piloted #7. It was an easy race for Toyota, with both cars running smoothly. Nonetheless, things heated up in the end, with a dramatic finish. Almost into the 23rd hour, L\u00f3pez\u2019s #7 was in first place, leading car #8 for 191 consecutive laps. The car\u2019s tire pressure monitoring system informed him that his front-right tire had a puncture. He pitted and the pit crew changed only that tire. He went back out and the problem persisted, and Nakajima in car #8, passed him. L\u00f3pez had to pit again, and with that, #8 finished in <a href=\"https:\/\/api.lemans.org\/media\/cache\/api_news_large\/assets\/fileuploads\/5d\/06\/5d064cfb24b82.jpg\" target=\"_blank\" rel=\"noreferrer noopener\">first<\/a>.<\/p>\n\n\n\n<figure class=\"wp-block-image size-large\"><img decoding=\"async\" src=\"https:\/\/www.w-143.com\/+upload\/p-z\/toyota_ts050_2019_8_04.jpg\" alt=\"\"\/><figcaption class=\"wp-element-caption\">To win\/lose a 24 hour race because your pit crew did a SNAFU? Rough, to say the least!<\/figcaption><\/figure>\n\n\n\n<p>Car #8 won and #7 came in second, so why a \u201cdramatic finish\u201d? Because #7\u2019s pit crew changed the <em>wrong <\/em>tire the first time! The tire pressure monitoring system was faulty, and in reality it was the left-rear tire the problem \ud83d\ude33. I can only imagine the frustration of car\u2019s #7 crew\u2026 As always, racing at Le Mans is <em>never<\/em> boring and winning is <em>never<\/em> easy. Yet in scale, an easy home run for Spark. The Toyota TS050 #8 here is a beautiful model, with breath-taking details. Basically, flawless.&nbsp;<\/p>\n\n\n\n<figure class=\"wp-block-image size-large\"><img decoding=\"async\" src=\"https:\/\/www.w-143.com\/+upload\/zgroup\/toyotas_01.jpg\" alt=\"\"\/><figcaption class=\"wp-element-caption\">CTRL + C, CTRL + V<\/figcaption><\/figure>\n\n\n\n<p><strong><mark style=\"background-color:rgba(0, 0, 0, 0)\" class=\"has-inline-color has-bright-red-color\">HOWEVER<\/mark><\/strong>, if I\u2019m allowed to complain about something, it would be about the livery. Obviously not Spark\u2019s fault, nonetheless it\u2019s hard to tell apart my cars from 2017, 2019 and 2020. And I don\u2019t have the winning #8 2018 car yet, that, you guessed it, looks the same \ud83d\ude23. I kid you not: I marked the year of the car with a sharpie on each model&#8217;s underside&#8230; Why on Earth does the liveries on the top class of prototypes have to be so friggin\u2019 bland?!? Jezzuz \ud83d\ude44.<\/p>\n","protected":false},"excerpt":{"rendered":"<p>2019 Toyota TS050 LMP1-H #8 Pilots: S. Buemi, K. Nakajima, F. Alonso Team: Toyota Gazoo Racing Race: 1st overall (LMP1 class) at Le Mans in 2019 Spark &#8211; 43LM19 (resin) Published 03\/24\/23 Toyota was after a Le Mans win since 1985. They got close in 1999 and 2013, when they finished in second overall. Yet, &hellip; <a href=\"https:\/\/www.w-143.com\/index.php\/toyota-ts050-lmp1-h-8-spark\/\" class=\"more-link\">Continue reading<span class=\"screen-reader-text\"> &#8220;Toyota TS050 LMP1-H #8 &#8211; Spark&#8221;<\/span><\/a><\/p>\n","protected":false},"author":1,"featured_media":0,"parent":0,"menu_order":0,"comment_status":"open","ping_status":"closed","template":"","meta":{"footnotes":""},"class_list":["post-15141","page","type-page","status-publish","hentry"],"post_mailing_queue_ids":[],"_links":{"self":[{"href":"https:\/\/www.w-143.com\/index.php\/wp-json\/wp\/v2\/pages\/15141","targetHints":{"allow":["GET"]}}],"collection":[{"href":"https:\/\/www.w-143.com\/index.php\/wp-json\/wp\/v2\/pages"}],"about":[{"href":"https:\/\/www.w-143.com\/index.php\/wp-json\/wp\/v2\/types\/page"}],"author":[{"embeddable":true,"href":"https:\/\/www.w-143.com\/index.php\/wp-json\/wp\/v2\/users\/1"}],"replies":[{"embeddable":true,"href":"https:\/\/www.w-143.com\/index.php\/wp-json\/wp\/v2\/comments?post=15141"}],"version-history":[{"count":6,"href":"https:\/\/www.w-143.com\/index.php\/wp-json\/wp\/v2\/pages\/15141\/revisions"}],"predecessor-version":[{"id":15458,"href":"https:\/\/www.w-143.com\/index.php\/wp-json\/wp\/v2\/pages\/15141\/revisions\/15458"}],"wp:attachment":[{"href":"https:\/\/www.w-143.com\/index.php\/wp-json\/wp\/v2\/media?parent=15141"}],"curies":[{"name":"wp","href":"https:\/\/api.w.org\/{rel}","templated":true}]}}