{"id":14843,"date":"2023-01-13T07:55:00","date_gmt":"2023-01-13T10:55:00","guid":{"rendered":"https:\/\/www.w-143.com\/?page_id=14843"},"modified":"2023-01-16T08:23:27","modified_gmt":"2023-01-16T11:23:27","slug":"monopole-tank-x84-panhard-52-bizarre","status":"publish","type":"page","link":"https:\/\/www.w-143.com\/index.php\/monopole-tank-x84-panhard-52-bizarre\/","title":{"rendered":"Monopole Tank X84 Panhard #52 &#8211; Bizarre"},"content":{"rendered":"\n<figure class=\"wp-block-image size-large\"><img decoding=\"async\" src=\"https:\/\/www.w-143.com\/+upload\/i-o\/monopole_x84_52_01.jpg\" alt=\"X84\"\/><\/figure>\n\n\n\n<pre class=\"wp-block-preformatted\"><strong>1950 Monopole Tank X84 Panhard #52<\/strong>\nPilots: J. de Montr\u00e9my, J. H\u00e9mard\nTeam: <em>Ets. Monopole<\/em>\nRace: 22nd overall (second in S750 class) at Le Mans in <strong>1950<\/strong>\nBizarre - BZ045 (resin)<\/pre>\n\n\n\n<p class=\"has-text-align-right has-medium-gray-color has-text-color has-small-font-size\">Published 01\/13\/23<\/p>\n\n\n\n<p class=\"has-drop-cap\"><em>\u00c9tablissements Monopole<\/em> started out in Poissy, France, in 1920. The company produced automobile engine parts, like pistons, piston rings and valves. Through the years, the ownership changed and the company expanded, and in 1944 Jean de Montr\u00e9my assumed the company\u2019s helm. An avid motorsport fan and later a pilot, de Montr\u00e9my believed that competition was a good way to promote the company. With focus on small-displacement classes in endurance racing he founded the <em>\u00c9curie Monopole<\/em> team. de Montr\u00e9my designed their first racing Monopole himself, using the chassis and engine of a Simca 8. The car debuted at Reims in 1947, finishing in seventh overall. With time, the involvement in racing became a family affair. de Montr\u00e9my and his brothers-in-law Jean and Pierre H\u00e9mard were frequently at the wheel of the Monoples. In 1949 they debuted at Le Mans, and de Montr\u00e9my, piloting a Monopole Sport, won its class.<\/p>\n\n\n\n<figure class=\"wp-block-image size-large\"><img decoding=\"async\" src=\"https:\/\/www.w-143.com\/+upload\/i-o\/monopole_x84_52_02.jpg\" alt=\"X84\"\/><figcaption class=\"wp-element-caption\">Many times, teams with small displacement cars were solely after the Index of Performance title.<\/figcaption><\/figure>\n\n\n\n<p>In 1950, Panhard intensified their racing efforts, offering parts and technical support to racing teams. With that, Monopole established a partnership and Panhard became their engine supplier. From that partnership came the <strong>X84<\/strong>. The X84 was a two-seater spider, with a Monopole body and Panhard chassis and engine. Though a regular spider\/barquette, Frenchmen also called this body style \u201ctank\u201d, after the 1937 <a href=\"https:\/\/www.w-143.com\/index.php\/bugatti-type-57g-tank-2-ixo\/\" target=\"_blank\" rel=\"noreferrer noopener\">Bugatti 57G<\/a>. The engine was a 610 cm\u00b3 2-cylinder boxer engine, called <em>X84 Dyna 100<\/em>, connected to a Panhard gearbox. Conversely, Panhard used the X84 body on some of their own cars. For the 1950 <em>24 Heures du Mans,<\/em> Monopole lined up two Tank X84, cars #52 and #53. Piloting <a href=\"http:\/\/lemans-history.com\/imagens\/\/1950\/1950_52.jpg\" target=\"_blank\" rel=\"noreferrer noopener\">car #52<\/a> were Jean de Montr\u00e9my and his brother-in-law Jean H\u00e9mard. The duo managed a third place finish in the S 750 class. Moreover, the Monopole team won the Index of Performance and the 16th Biennial Cup.<\/p>\n\n\n\n<figure class=\"wp-block-image size-large\"><img decoding=\"async\" src=\"https:\/\/www.w-143.com\/+upload\/i-o\/monopole_x84_52_03.jpg\" alt=\"\"\/><figcaption class=\"wp-element-caption\">In scale the X84 is pretty nifty, however the dead-eye headlamps subtract points.<\/figcaption><\/figure>\n\n\n\n<p>Like what happened to many pre-WWII manufacturers, Monopole as a car brand disappeared. Today, their oddball cars are only a reminder of an era when 610 cm\u00b3 was enough for racing. Nonetheless, in scale the X84 looks great. Since the real deal is definitively simple in terms of lines and features, Bizarre didn\u2019t have much trouble. The little \u201ctank\u201d looks very nice, and I\u2019m astonished to see how really small it is. Nonetheless, I don\u2019t think it will sing to many collectors. Being such an oddball, I guess this one is only for the Le Mans geeks, like me.<\/p>\n\n\n\n<p>BTW, this particular model has another story about it&#8230; In a few days I&#8217;ll tell the tale \ud83d\ude23 (read it <a href=\"https:\/\/www.w-143.com\/index.php\/2023\/01\/16\/the-monpole-accident\/\">HERE<\/a>).<\/p>\n","protected":false},"excerpt":{"rendered":"<p>1950 Monopole Tank X84 Panhard #52 Pilots: J. de Montr\u00e9my, J. H\u00e9mard Team: Ets. Monopole Race: 22nd overall (second in S750 class) at Le Mans in 1950 Bizarre &#8211; BZ045 (resin) Published 01\/13\/23 \u00c9tablissements Monopole started out in Poissy, France, in 1920. The company produced automobile engine parts, like pistons, piston rings and valves. Through &hellip; <a href=\"https:\/\/www.w-143.com\/index.php\/monopole-tank-x84-panhard-52-bizarre\/\" class=\"more-link\">Continue reading<span class=\"screen-reader-text\"> &#8220;Monopole Tank X84 Panhard #52 &#8211; Bizarre&#8221;<\/span><\/a><\/p>\n","protected":false},"author":1,"featured_media":0,"parent":0,"menu_order":0,"comment_status":"open","ping_status":"closed","template":"","meta":{"footnotes":""},"class_list":["post-14843","page","type-page","status-publish","hentry"],"post_mailing_queue_ids":[],"_links":{"self":[{"href":"https:\/\/www.w-143.com\/index.php\/wp-json\/wp\/v2\/pages\/14843","targetHints":{"allow":["GET"]}}],"collection":[{"href":"https:\/\/www.w-143.com\/index.php\/wp-json\/wp\/v2\/pages"}],"about":[{"href":"https:\/\/www.w-143.com\/index.php\/wp-json\/wp\/v2\/types\/page"}],"author":[{"embeddable":true,"href":"https:\/\/www.w-143.com\/index.php\/wp-json\/wp\/v2\/users\/1"}],"replies":[{"embeddable":true,"href":"https:\/\/www.w-143.com\/index.php\/wp-json\/wp\/v2\/comments?post=14843"}],"version-history":[{"count":7,"href":"https:\/\/www.w-143.com\/index.php\/wp-json\/wp\/v2\/pages\/14843\/revisions"}],"predecessor-version":[{"id":15028,"href":"https:\/\/www.w-143.com\/index.php\/wp-json\/wp\/v2\/pages\/14843\/revisions\/15028"}],"wp:attachment":[{"href":"https:\/\/www.w-143.com\/index.php\/wp-json\/wp\/v2\/media?parent=14843"}],"curies":[{"name":"wp","href":"https:\/\/api.w.org\/{rel}","templated":true}]}}