{"id":1296,"date":"2018-06-18T23:20:00","date_gmt":"2018-06-19T02:20:00","guid":{"rendered":"https:\/\/werner.med.br\/w143\/?page_id=1296"},"modified":"2025-07-14T09:02:04","modified_gmt":"2025-07-14T12:02:04","slug":"abarth-simca-1300-bialbero-43-ixo","status":"publish","type":"page","link":"https:\/\/www.w-143.com\/index.php\/abarth-simca-1300-bialbero-43-ixo\/","title":{"rendered":"Abarth SIMCA 1300 Bialbero #43 &#8211; Ixo"},"content":{"rendered":"\n<figure class=\"wp-block-image size-large\"><img decoding=\"async\" src=\"https:\/\/www.w-143.com\/+upload\/a-h\/abarth_43_03.jpg\" alt=\"\"\/><\/figure>\n\n\n\n<pre class=\"wp-block-preformatted\"><strong>1962 Abarth SIMCA 1300 Bialbero #43<\/strong> <br>Pilots: C. Dubois, G. Harris <br>Team: <em>Equipe Nationale Belge<\/em> <br>Race: 14th overall (1st in P 1.3 class) at Le Mans in <strong>1962 <\/strong><br>Ixo - LMC 147 (diecast)<\/pre>\n\n\n\n<p class=\"has-text-align-right has-small-font-size\"><span style=\"color: #808080;\">Published 05\/19\/18<\/span><\/p>\n\n\n\n<p class=\"has-drop-cap\">SIMCA (<em>Soci\u00e9t\u00e9 Industrielle de M\u00e9canique et Carrosserie Automobile<\/em>) was established in 1935, basically producing FIAT products for the French market. With time the brand started making cars with their original designs and engines, becoming a prolific manufacturer. In 1961 the SIMCA 1000 was introduced, still with a lot of parts coming from FIAT, and it wasn\u2019t exactly fast. With an ongoing race program they wanted a faster car, and at the time, there was one man who made FIATs win races: Carlo Abarth. <\/p>\n\n\n\n<figure class=\"wp-block-image\"><img decoding=\"async\" src=\"https:\/\/www.w-143.com\/+upload\/a-h\/abarth_43_02.jpg\" alt=\"Bialbero\"\/><figcaption class=\"wp-element-caption\">Running cool? No, the cowl is up only for better grip.<\/figcaption><\/figure>\n\n\n\n<p>SIMCA struck up a partnership and gave Abarth a SIMCA 1000 as the base for the project. The new car, called <a class=\"postlink\" rel=\"noopener noreferrer\" href=\"http:\/\/www.automobile-sportive.com\/guide\/abarth\/abarth1300\/simca-abarth-coupe-profil.jpg\" target=\"_blank\">Bialbero 1300<\/a>, had a totally new aerodynamic body. Abarth also improved the suspension and substituted the original 1.0 inline 4 cylinders for a <a class=\"postlink\" rel=\"noopener noreferrer\" href=\"https:\/\/www.influx.co.uk\/wp-content\/uploads\/2013\/11\/Abarth-Simca-1300-Engine.jpg\" target=\"_blank\">1288 cm\u00b3<\/a> DOHC unit that produced 90 hp. Weighing a feathery 630 kg, the new engine was enough to propel the car up to 230 km\/h.<\/p>\n\n\n\n<figure class=\"wp-block-image size-large\"><img decoding=\"async\" src=\"https:\/\/www.w-143.com\/+upload\/a-h\/abarth_43_01.jpg\" alt=\"\"\/><figcaption class=\"wp-element-caption\">Hard to tell from this angle, but the Bialbero was minuscule. Almost what we would today call a micro car.<\/figcaption><\/figure>\n\n\n\n<p>Abarth effectively became SIMCA\u2019s racing and development department, and also sold their models to privateers. For the <em>24 Heures du Mans<\/em> of 1962 the factory team had a squad of three Bialbero 1300, but unfortunately none of the three cars were able to finish the race. The only Bialbero 1300 that crossed the finish line was Equipe Nationale Belge\u2019s #43, their only car in the race. The <a class=\"postlink\" href=\"https:\/\/i.pinimg.com\/originals\/c9\/b8\/a6\/c9b8a620a990a6c062e114ed8cf72c1a.jpg\" target=\"_blank\" rel=\"noopener noreferrer\">yellow #43<\/a> was the only car in the P 1.3 class to finish the race, so by default was the class winner, coming in 14th overall.<\/p>\n\n\n\n<figure class=\"wp-block-image\"><img decoding=\"async\" src=\"https:\/\/www.w-143.com\/+upload\/zgroup\/abarths_01.jpg\" alt=\"Bialbero\"\/><figcaption class=\"wp-element-caption\">If it wasn&#8217;t for the dead eyes it would be hard to tell the manufacturers apart.<\/figcaption><\/figure>\n\n\n\n<p>I already had a (<a href=\"http:\/\/www.w-143.com\/index.php\/1962-abarth-700s-51-spark\/\">very nice<\/a>) Abarth from this same 1962 race. But when I saw this yellow one and found out it was a class winner, I just couldn\u2019t resist. Awesome little bugger, that compared to the much more expensive Spark, holds its ground. IMO it only sins in the headlight department, because of the \u201cdead eye lenses\u201d. The Spark is a little better in terms of details, but you have to pay close attention to see where it is so. However, in terms of bang-for-the-buck, this is very possibly the better model.<\/p>\n","protected":false},"excerpt":{"rendered":"<p>1962 Abarth SIMCA 1300 Bialbero #43 Pilots: C. Dubois, G. Harris Team: Equipe Nationale Belge Race: 14th overall (1st in P 1.3 class) at Le Mans in 1962 Ixo &#8211; LMC 147 (diecast) Published 05\/19\/18 SIMCA (Soci\u00e9t\u00e9 Industrielle de M\u00e9canique et Carrosserie Automobile) was established in 1935, basically producing FIAT products for the French market. &hellip; <a href=\"https:\/\/www.w-143.com\/index.php\/abarth-simca-1300-bialbero-43-ixo\/\" class=\"more-link\">Continue reading<span class=\"screen-reader-text\"> &#8220;Abarth SIMCA 1300 Bialbero #43 &#8211; Ixo&#8221;<\/span><\/a><\/p>\n","protected":false},"author":1,"featured_media":0,"parent":0,"menu_order":0,"comment_status":"open","ping_status":"closed","template":"","meta":{"footnotes":""},"class_list":["post-1296","page","type-page","status-publish","hentry"],"post_mailing_queue_ids":[],"_links":{"self":[{"href":"https:\/\/www.w-143.com\/index.php\/wp-json\/wp\/v2\/pages\/1296","targetHints":{"allow":["GET"]}}],"collection":[{"href":"https:\/\/www.w-143.com\/index.php\/wp-json\/wp\/v2\/pages"}],"about":[{"href":"https:\/\/www.w-143.com\/index.php\/wp-json\/wp\/v2\/types\/page"}],"author":[{"embeddable":true,"href":"https:\/\/www.w-143.com\/index.php\/wp-json\/wp\/v2\/users\/1"}],"replies":[{"embeddable":true,"href":"https:\/\/www.w-143.com\/index.php\/wp-json\/wp\/v2\/comments?post=1296"}],"version-history":[{"count":14,"href":"https:\/\/www.w-143.com\/index.php\/wp-json\/wp\/v2\/pages\/1296\/revisions"}],"predecessor-version":[{"id":18706,"href":"https:\/\/www.w-143.com\/index.php\/wp-json\/wp\/v2\/pages\/1296\/revisions\/18706"}],"wp:attachment":[{"href":"https:\/\/www.w-143.com\/index.php\/wp-json\/wp\/v2\/media?parent=1296"}],"curies":[{"name":"wp","href":"https:\/\/api.w.org\/{rel}","templated":true}]}}