{"id":12620,"date":"2021-09-17T07:55:00","date_gmt":"2021-09-17T10:55:00","guid":{"rendered":"https:\/\/www.w-143.com\/?page_id=12620"},"modified":"2021-11-06T23:26:13","modified_gmt":"2021-11-07T02:26:13","slug":"porsche-934-jagermeister-68-spark","status":"publish","type":"page","link":"https:\/\/www.w-143.com\/index.php\/porsche-934-jagermeister-68-spark\/","title":{"rendered":"Porsche 934 \u201cJ\u00e4germeister\u201d #68 &#8211; Spark"},"content":{"rendered":"\n<figure class=\"wp-block-image size-large\"><img decoding=\"async\" src=\"https:\/\/www.w-143.com\/+upload\/porsche\/race\/porsche_934jager_68_01.jpg\" alt=\"J\u00e4germeister\"\/><\/figure>\n\n\n\n<pre class=\"wp-block-preformatted\"><strong>1976 Porsche 934 \u201cJ\u00e4germeister\u201d #68<\/strong>\nPilots: E. D\u00f6ren, G.Holup, H. Poulain, R. Feitler \nTeam: <em>Herv\u00e9 Poulain<\/em>\nRace: DNF (Group 4 class) at Le Mans in <strong>1978<\/strong>\nSpark - S4424 (resin)<\/pre>\n\n\n\n<p class=\"has-text-align-right has-medium-gray-color has-text-color has-small-font-size\">Published 09\/17\/21<\/p>\n\n\n\n<p class=\"has-drop-cap\">By the 1970s, Porsche was an established \u201cracing brand\u201d. After their overall win at Le Mans in 1970 and 1971, Stuttgart\u2019s cars became synonymous with racing. That being so, the manufacturer got busy producing cars for privateer racers. One of these was the <strong>934<\/strong>. Based on the<a href=\"https:\/\/www.w-143.com\/index.php\/porsche-911-930-turbo-1975-kyosho\/\" target=\"_blank\" rel=\"noreferrer noopener\"> 911 (930) Turbo<\/a> of 1975, it was made specifically for Group 4 racing. In essence, to create the 934 Porsche fed a 930 steroids &#8211; a LOT of steroids. Porsche swapped the \u201cpedestrian\u201d 260 hp boxer-6 of the 930 with a bigger 2992 cm\u00b3 that delivered 480 hp. Brakes came from the 917, and they trimmed weight everywhere. In the end, even with a roll cage, Porsche had to <em>add ballast <\/em>so that the car weighed the minimum 1090 kg for Group 4. With that, the 934 was FAST, yet it was a handful to tame. Nonetheless, Porsche produced and sold 31 units.<\/p>\n\n\n\n<figure class=\"wp-block-image size-large\"><img decoding=\"async\" src=\"https:\/\/www.w-143.com\/+upload\/porsche\/race\/porsche_934jager_68_02.jpg\" alt=\"J\u00e4germeister\"\/><figcaption>I never found out why this car had those weird number plates.<\/figcaption><\/figure>\n\n\n\n<p>Max Moritz bought chassis #930 670 0168 brand new in 1976. He painted it in J\u00e4germeister colors and raced it in only two races. The following year he raced the car all over Europe, however in a different livery. Then, in 1978, Herv\u00e9 Poulain bought it (maybe just rented it?) to race at Le Mans. He painted the car again in full J\u00e4germeister livery and took it to La Sarthe. Oddly, his team consisted of himself and three more pilots. Out of the norm, since at the time usually only two pilots shared the wheel. In spite of the double staff, on the 167th lap the gearbox failed and car <a href=\"https:\/\/i.imgur.com\/cQyWZ3e.png\" target=\"_blank\" rel=\"noreferrer noopener\">#68<\/a> was out. Later that same month Max Moritz got the car back and only raced it twice more. He subsequently sold it, and chassis #930 670 0168 never raced at La Sarthe again.&nbsp;<\/p>\n\n\n\n<figure class=\"wp-block-image size-large\"><img decoding=\"async\" src=\"https:\/\/www.w-143.com\/+upload\/porsche\/race\/porsche_934jager_68_03.jpg\" alt=\"\"\/><figcaption>Premium X also offers this model. However, if it\u2019s anything like my <a href=\"https:\/\/www.w-143.com\/index.php\/porsche-934-56-premiumx\/\" target=\"_blank\" rel=\"noreferrer noopener\">X-Ray 934<\/a> it\u2019s too big.<\/figcaption><\/figure>\n\n\n\n<div class=\"wp-block-image\"><figure class=\"alignright size-full\"><img loading=\"lazy\" decoding=\"async\" width=\"100\" height=\"100\" src=\"https:\/\/www.w-143.com\/wp-content\/uploads\/2018\/08\/grail.gif\" alt=\"\" class=\"wp-image-2204\"\/><\/figure><\/div>\n\n\n\n<p>This particular 934 is known as the <em>\u201cJ\u00e4germeister 934\u201d<\/em>. Despite the DNF, it was the only car to race in J\u00e4germeister livery at La Sarthe. When I collected 1:18, I had a special J\u00e4germeister section in my collection. However, the J\u00e4germeister 934 at the time was not available. I had a bunch of J\u00e4germeister cars but not the most important of all. A grail model, and I finally have it. Though a pretty rare one, this is the second one I see on auction. The first one I saw locally last year, however I missed it ($$$) \ud83d\ude23. Last month another one popped up and this time I jumped on it. Model-wise it is your normally-gorgeous-Spark, so there\u2019s not much to discuss here. Even so, I am thrilled to finally have this car in the W-143 Garage.<\/p>\n","protected":false},"excerpt":{"rendered":"<p>1976 Porsche 934 \u201cJ\u00e4germeister\u201d #68 Pilots: E. D\u00f6ren, G.Holup, H. Poulain, R. Feitler Team: Herv\u00e9 Poulain Race: DNF (Group 4 class) at Le Mans in 1978 Spark &#8211; S4424 (resin) Published 09\/17\/21 By the 1970s, Porsche was an established \u201cracing brand\u201d. After their overall win at Le Mans in 1970 and 1971, Stuttgart\u2019s cars became &hellip; <a href=\"https:\/\/www.w-143.com\/index.php\/porsche-934-jagermeister-68-spark\/\" class=\"more-link\">Continue reading<span class=\"screen-reader-text\"> &#8220;Porsche 934 \u201cJ\u00e4germeister\u201d #68 &#8211; Spark&#8221;<\/span><\/a><\/p>\n","protected":false},"author":1,"featured_media":0,"parent":0,"menu_order":0,"comment_status":"open","ping_status":"closed","template":"","meta":{"footnotes":""},"class_list":["post-12620","page","type-page","status-publish","hentry"],"post_mailing_queue_ids":[],"_links":{"self":[{"href":"https:\/\/www.w-143.com\/index.php\/wp-json\/wp\/v2\/pages\/12620","targetHints":{"allow":["GET"]}}],"collection":[{"href":"https:\/\/www.w-143.com\/index.php\/wp-json\/wp\/v2\/pages"}],"about":[{"href":"https:\/\/www.w-143.com\/index.php\/wp-json\/wp\/v2\/types\/page"}],"author":[{"embeddable":true,"href":"https:\/\/www.w-143.com\/index.php\/wp-json\/wp\/v2\/users\/1"}],"replies":[{"embeddable":true,"href":"https:\/\/www.w-143.com\/index.php\/wp-json\/wp\/v2\/comments?post=12620"}],"version-history":[{"count":5,"href":"https:\/\/www.w-143.com\/index.php\/wp-json\/wp\/v2\/pages\/12620\/revisions"}],"predecessor-version":[{"id":12969,"href":"https:\/\/www.w-143.com\/index.php\/wp-json\/wp\/v2\/pages\/12620\/revisions\/12969"}],"wp:attachment":[{"href":"https:\/\/www.w-143.com\/index.php\/wp-json\/wp\/v2\/media?parent=12620"}],"curies":[{"name":"wp","href":"https:\/\/api.w.org\/{rel}","templated":true}]}}