{"id":11030,"date":"2020-11-01T07:55:00","date_gmt":"2020-11-01T10:55:00","guid":{"rendered":"https:\/\/www.w-143.com\/?page_id=11030"},"modified":"2023-02-22T15:03:22","modified_gmt":"2023-02-22T18:03:22","slug":"delage-d6-70-speciale-19-spark","status":"publish","type":"page","link":"https:\/\/www.w-143.com\/index.php\/delage-d6-70-speciale-19-spark\/","title":{"rendered":"Delage D6-70 Sp\u00e9ciale #19 &#8211; Spark"},"content":{"rendered":"\n<figure class=\"wp-block-image size-large\"><img decoding=\"async\" src=\"https:\/\/www.w-143.com\/+upload\/a-h\/delage_d670_19_01.jpg\" alt=\"D6-70\"\/><\/figure>\n\n\n\n<pre class=\"wp-block-preformatted\"><strong>1936 Delage D6-70 Sp\u00e9ciale #19<\/strong>\nPilots: J.V. Minardiere, L. G\u00e9rard\nTeam: <em>Soci\u00e9t\u00e9 R.V.<\/em>\nRace: 4th overall (1st in 3.0 class) at Le Mans in <strong>1937<\/strong>\nSpark - S0602 (resin)<\/pre>\n\n\n\n<p class=\"has-text-align-right has-medium-gray-color has-text-color has-small-font-size\">Published 11\/01\/20<\/p>\n\n\n\n<p class=\"has-drop-cap\">Though starting out by producing small and affordable cars in 1905, after WWI Delage shifted to big luxury cars. In 1930 Delage introduced the D6, and the model became the company\u2019s most popular offering. As was the custom at the time, Delage produced the D6 as a bare chassis, and an independent custom body shop built the coachwork. The customer bought the chassis and then chose who would make the car\u2019s body. The D6 initially came in two chassis sizes, and the engine was a 3045 cm\u00b3 L6. Delage produced the original D6 from 1930 to 1933, but by 1932 they introduced complimentary models to the range. The first of these was the D6-11, followed by the D6-65, 60, 80, 70 and finally the D6-75 in 1939. The last version of the D6 was the 3 Liter model, produced from 1946 to 1954.<\/p>\n\n\n\n<figure class=\"wp-block-image size-large\"><img decoding=\"async\" src=\"https:\/\/www.w-143.com\/+upload\/a-h\/delage_d670_19_02.jpg\" alt=\"D6-70\"\/><figcaption class=\"wp-element-caption\">The D6 was possibly Delage&#8217;s most popular model.<\/figcaption><\/figure>\n\n\n\n<p>By the late 1920s the world was in a serious economic crisis, and obviously, luxury cars became hard to move. Delage did not escape this and needed financial help to stay afloat. The vital aid came in the form of an association with Delahaye, a much bigger manufacturer. However, by 1935 Delage was no more than a subsidiary of Delahaye, with most of their production line shifting to Delahaye facilities. That being so, Delage replaced the D6-65 with the D6-60 in 1935, and the D6-60 was effectively a Delahaye with a Delage badge. The D6-60 used a chassis from a Delahaye model, and had a L6 displacing 2335 cm\u00b3. The L6 engine was a Delage unit, and produced 56 hp.&nbsp;<\/p>\n\n\n\n<figure class=\"wp-block-image size-large\"><img decoding=\"async\" src=\"https:\/\/www.w-143.com\/+upload\/a-h\/delage_d670_19_03.jpg\" alt=\"D6-70\"\/><figcaption class=\"wp-element-caption\">Car #19 came 28 laps behind the winning <a href=\"https:\/\/www.w-143.com\/index.php\/bugatti-type-57g-tank-2-ixo\/\" target=\"_blank\" rel=\"noreferrer noopener\">Bugatti &#8220;Tank&#8221;<\/a>.<\/figcaption><\/figure>\n\n\n\n<p>In 1937 Delage released the D6-70, which was basically a variation of the 1935 D6-60. The D6-70 used the same 3150 mm chassis of the 60 model, but the engine was slightly bigger. Also an inline-6, but displacing 2729 cm\u00b3, and rated at about 78 hp. As always, body styles and characteristics depended on the coach builder contracted by the customer. For 1936 Delage prepared a special edition of the D6, called the <strong>D6-70 Sp\u00e9ciale<\/strong> (chassis #50688). This one-off special edition counted on an enlarged 2984 cm\u00b3 engine, with a modified cylinder head. Figoni et Falaschi were responsible for the lightweight body work, and the car would debut at the <em>24 Heures du Mans<\/em> of 1936. Yet, due to nation-wide strikes in France, Le Mans was cancelled that year.&nbsp;<\/p>\n\n\n\n<figure class=\"wp-block-image size-large\"><img decoding=\"async\" src=\"https:\/\/www.w-143.com\/+upload\/a-h\/delage_d670_19_04.jpg\" alt=\"\"\/><figcaption class=\"wp-element-caption\">One you can see today, the other became scrap metal.<\/figcaption><\/figure>\n\n\n\n<p>The one-of-a-kind became a show queen, nevertheless it would race the following year. In 1937 the French cousins Jacques de Valence de Minardiere and Louis G\u00e9rard wanted to race at Le Mans. So they established the <em>Soci\u00e9t\u00e9 R.V.<\/em> racing team and bought the D6-70 Sp\u00e9ciale. Despite their inexperience they managed to finish in fourth place overall, and <a rel=\"noreferrer noopener\" href=\"https:\/\/i.pinimg.com\/originals\/e3\/c6\/fb\/e3c6fbb8428d3572899449b8812ebc15.jpg\" target=\"_blank\">first<\/a> in the 3 Liter category.&nbsp;<\/p>\n\n\n\n<figure class=\"wp-block-image size-large\"><img decoding=\"async\" src=\"https:\/\/www.w-143.com\/+upload\/a-h\/delage_d670_19_05.jpg\" alt=\"\"\/><figcaption class=\"wp-element-caption\">Spark at it&#8217;s best &#8211; the D6-70 Sp\u00e9ciale is a jewel of a model.<\/figcaption><\/figure>\n\n\n\n<p>So, another old clunker for the W-143 Garage, but most definitively a charming one. In fact, almost as charming as my <a rel=\"noreferrer noopener\" href=\"https:\/\/www.w-143.com\/index.php\/delage-v12-labourdette-aerodynamique-spark\/\" target=\"_blank\">Labourdette Aerodynamique<\/a>. This is an old mold from Spark, but despite its age, detail level is top notch in my eyes. Honestly, it looks like a current model in terms of craftsmanship. It\u2019s also a rare model to find, so I consider myself lucky to have found one.<\/p>\n\n\n\n<p class=\"has-small-font-size\">PS: The real car still exists, totally restored, and sometimes is up for <a href=\"http:\/\/www.autoconcept-reviews.com\/cars_reviews\/delage\/delage-d6-le-mans\/cars_reviews-delage-d6-le-mans.html\" target=\"_blank\" rel=\"noreferrer noopener\">display<\/a>.<\/p>\n","protected":false},"excerpt":{"rendered":"<p>1936 Delage D6-70 Sp\u00e9ciale #19 Pilots: J.V. Minardiere, L. G\u00e9rard Team: Soci\u00e9t\u00e9 R.V. Race: 4th overall (1st in 3.0 class) at Le Mans in 1937 Spark &#8211; S0602 (resin) Published 11\/01\/20 Though starting out by producing small and affordable cars in 1905, after WWI Delage shifted to big luxury cars. In 1930 Delage introduced the &hellip; <a href=\"https:\/\/www.w-143.com\/index.php\/delage-d6-70-speciale-19-spark\/\" class=\"more-link\">Continue reading<span class=\"screen-reader-text\"> &#8220;Delage D6-70 Sp\u00e9ciale #19 &#8211; Spark&#8221;<\/span><\/a><\/p>\n","protected":false},"author":1,"featured_media":0,"parent":0,"menu_order":0,"comment_status":"open","ping_status":"closed","template":"","meta":{"footnotes":""},"class_list":["post-11030","page","type-page","status-publish","hentry"],"post_mailing_queue_ids":[],"_links":{"self":[{"href":"https:\/\/www.w-143.com\/index.php\/wp-json\/wp\/v2\/pages\/11030","targetHints":{"allow":["GET"]}}],"collection":[{"href":"https:\/\/www.w-143.com\/index.php\/wp-json\/wp\/v2\/pages"}],"about":[{"href":"https:\/\/www.w-143.com\/index.php\/wp-json\/wp\/v2\/types\/page"}],"author":[{"embeddable":true,"href":"https:\/\/www.w-143.com\/index.php\/wp-json\/wp\/v2\/users\/1"}],"replies":[{"embeddable":true,"href":"https:\/\/www.w-143.com\/index.php\/wp-json\/wp\/v2\/comments?post=11030"}],"version-history":[{"count":9,"href":"https:\/\/www.w-143.com\/index.php\/wp-json\/wp\/v2\/pages\/11030\/revisions"}],"predecessor-version":[{"id":15342,"href":"https:\/\/www.w-143.com\/index.php\/wp-json\/wp\/v2\/pages\/11030\/revisions\/15342"}],"wp:attachment":[{"href":"https:\/\/www.w-143.com\/index.php\/wp-json\/wp\/v2\/media?parent=11030"}],"curies":[{"name":"wp","href":"https:\/\/api.w.org\/{rel}","templated":true}]}}